{"id":107,"date":"2015-09-28T08:45:29","date_gmt":"2015-09-28T06:45:29","guid":{"rendered":"http:\/\/fh-waltrop.de\/?page_id=107"},"modified":"2022-04-05T14:37:48","modified_gmt":"2022-04-05T13:37:48","slug":"allgemeine-infos","status":"publish","type":"page","link":"https:\/\/fh-waltrop.de\/index.php\/allgemeine-infos\/","title":{"rendered":"Allgemeine Infos"},"content":{"rendered":"<p>Wie kann ich helfen? Allgemeine Tipps und viele n\u00fctzliche Informationen stellen u. a. diese Seiten zur Verf\u00fcgung:<\/p>\n<p><a href=\"https:\/\/wie-kann-ich-helfen.info\/\">Wie kann ich helfen &#8211; Ratgeber<\/a><\/p>\n<p><a href=\"https:\/\/www.uno-fluechtlingshilfe.de\/unterstuetzen\/engagieren\/ehrenamtlich-helfen\">Uno Fl\u00fcchtingshilfe<\/a><\/p>\n<p><a href=\"https:\/\/www.caritas.de\/spendeundengagement\/engagieren\/ehrenamt\/fluechtlinge\/engagement-ratgeber\">Caritas Ratgeber<\/a><\/p>\n<p><a href=\"https:\/\/www.bmi.bund.de\/DE\/themen\/heimat-integration\/buergerschaftliches-engagement\/buergerschaftliches-engagement-node.html\">Bundesministerium f\u00fcr Heimat und Migration<\/a><\/p>\n<p><a href=\"https:\/\/www.tafel.de\/themen\/ehrenamt\">Die Tafeln<\/a><\/p>\n<p>&nbsp;<\/p>\n<p><a href=\"http:\/\/fh-waltrop.de\/wp-content\/uploads\/2015\/10\/keinplatz.jpg\"><img loading=\"lazy\" decoding=\"async\" data-attachment-id=\"306\" data-permalink=\"https:\/\/fh-waltrop.de\/index.php\/hakenkreuze-an-fluchtlingsheimen-in-waltrop\/keinplatz\/\" data-orig-file=\"https:\/\/fh-waltrop.de\/wp-content\/uploads\/2015\/10\/keinplatz.jpg\" data-orig-size=\"812,568\" data-comments-opened=\"1\" data-image-meta=\"{&quot;aperture&quot;:&quot;0&quot;,&quot;credit&quot;:&quot;&quot;,&quot;camera&quot;:&quot;&quot;,&quot;caption&quot;:&quot;&quot;,&quot;created_timestamp&quot;:&quot;0&quot;,&quot;copyright&quot;:&quot;&quot;,&quot;focal_length&quot;:&quot;0&quot;,&quot;iso&quot;:&quot;0&quot;,&quot;shutter_speed&quot;:&quot;0&quot;,&quot;title&quot;:&quot;&quot;,&quot;orientation&quot;:&quot;1&quot;}\" data-image-title=\"keinplatz\" data-image-description=\"\" data-image-caption=\"\" data-medium-file=\"https:\/\/fh-waltrop.de\/wp-content\/uploads\/2015\/10\/keinplatz-300x210.jpg\" data-large-file=\"https:\/\/fh-waltrop.de\/wp-content\/uploads\/2015\/10\/keinplatz.jpg\" class=\"alignnone size-full wp-image-306\" src=\"http:\/\/fh-waltrop.de\/wp-content\/uploads\/2015\/10\/keinplatz.jpg\" alt=\"keinplatz\" width=\"812\" height=\"568\" srcset=\"https:\/\/fh-waltrop.de\/wp-content\/uploads\/2015\/10\/keinplatz.jpg 812w, https:\/\/fh-waltrop.de\/wp-content\/uploads\/2015\/10\/keinplatz-300x210.jpg 300w\" sizes=\"auto, (max-width: 812px) 100vw, 812px\" \/><\/a><\/p>\n","protected":false},"excerpt":{"rendered":"<p>Wie kann ich helfen? Allgemeine Tipps und viele n\u00fctzliche Informationen stellen u. a. diese Seiten zur Verf\u00fcgung: Wie kann ich helfen &#8211; Ratgeber Uno Fl\u00fcchtingshilfe Caritas Ratgeber Bundesministerium f\u00fcr Heimat und Migration Die Tafeln &nbsp;<\/p>\n","protected":false},"author":2,"featured_media":0,"parent":0,"menu_order":1,"comment_status":"closed","ping_status":"closed","template":"","meta":{"_genesis_hide_title":false,"_genesis_hide_breadcrumbs":false,"_genesis_hide_singular_image":false,"_genesis_hide_footer_widgets":false,"_genesis_custom_body_class":"","_genesis_custom_post_class":"","_genesis_layout":"","ngg_post_thumbnail":0,"jetpack_post_was_ever_published":false,"footnotes":""},"class_list":{"0":"post-107","1":"page","2":"type-page","3":"status-publish","5":"entry"},"aioseo_notices":[],"jetpack_sharing_enabled":true,"jetpack_shortlink":"https:\/\/wp.me\/PdR32e-1J","jetpack-related-posts":[],"_links":{"self":[{"href":"https:\/\/fh-waltrop.de\/index.php\/wp-json\/wp\/v2\/pages\/107","targetHints":{"allow":["GET"]}}],"collection":[{"href":"https:\/\/fh-waltrop.de\/index.php\/wp-json\/wp\/v2\/pages"}],"about":[{"href":"https:\/\/fh-waltrop.de\/index.php\/wp-json\/wp\/v2\/types\/page"}],"author":[{"embeddable":true,"href":"https:\/\/fh-waltrop.de\/index.php\/wp-json\/wp\/v2\/users\/2"}],"replies":[{"embeddable":true,"href":"https:\/\/fh-waltrop.de\/index.php\/wp-json\/wp\/v2\/comments?post=107"}],"version-history":[{"count":0,"href":"https:\/\/fh-waltrop.de\/index.php\/wp-json\/wp\/v2\/pages\/107\/revisions"}],"wp:attachment":[{"href":"https:\/\/fh-waltrop.de\/index.php\/wp-json\/wp\/v2\/media?parent=107"}],"curies":[{"name":"wp","href":"https:\/\/api.w.org\/{rel}","templated":true}]}}