{"id":109,"date":"2015-09-28T08:45:38","date_gmt":"2015-09-28T06:45:38","guid":{"rendered":"http:\/\/fh-waltrop.de\/?page_id=109"},"modified":"2020-11-25T17:18:35","modified_gmt":"2020-11-25T16:18:35","slug":"spenden","status":"publish","type":"page","link":"https:\/\/fh-waltrop.de\/index.php\/spenden\/","title":{"rendered":"Spenden"},"content":{"rendered":"<p style=\"text-align: justify;\"><a href=\"http:\/\/fh-waltrop.de\/wp-content\/uploads\/2015\/09\/D3X8362.jpg\"><img loading=\"lazy\" decoding=\"async\" data-attachment-id=\"505\" data-permalink=\"https:\/\/fh-waltrop.de\/index.php\/photography-2\/demo-waltrop-gegen-rassismus-21\/\" data-orig-file=\"https:\/\/fh-waltrop.de\/wp-content\/uploads\/2015\/09\/D3X8362.jpg\" data-orig-size=\"900,600\" data-comments-opened=\"1\" data-image-meta=\"{&quot;aperture&quot;:&quot;8&quot;,&quot;credit&quot;:&quot;Bernd Schaefer&quot;,&quot;camera&quot;:&quot;NIKON D3X&quot;,&quot;caption&quot;:&quot;&quot;,&quot;created_timestamp&quot;:&quot;1445689061&quot;,&quot;copyright&quot;:&quot;Copyright by Bernd Schaefer&quot;,&quot;focal_length&quot;:&quot;28&quot;,&quot;iso&quot;:&quot;400&quot;,&quot;shutter_speed&quot;:&quot;0.005&quot;,&quot;title&quot;:&quot;Demo Waltrop gegen Rassismus&quot;,&quot;orientation&quot;:&quot;1&quot;}\" data-image-title=\"Demo Waltrop gegen Rassismus\" data-image-description=\"\" data-image-caption=\"&lt;p&gt;Foto (c): B. Sch\u00e4fer&lt;\/p&gt;\n\" data-large-file=\"https:\/\/fh-waltrop.de\/wp-content\/uploads\/2015\/09\/D3X8362.jpg\" class=\"wp-image-505 alignleft\" src=\"http:\/\/fh-waltrop.de\/wp-content\/uploads\/2015\/09\/D3X8362.jpg\" alt=\"Demo Waltrop gegen Rassismus\" width=\"394\" height=\"262\" srcset=\"https:\/\/fh-waltrop.de\/wp-content\/uploads\/2015\/09\/D3X8362.jpg 900w, https:\/\/fh-waltrop.de\/wp-content\/uploads\/2015\/09\/D3X8362-300x200.jpg 300w\" sizes=\"auto, (max-width: 394px) 100vw, 394px\" \/><\/a>Wir werden immer wieder gefragt, wie man die Arbeit f\u00fcr Fl\u00fcchtlinge hier in Waltrop unterst\u00fctzen kann. Neben den M\u00f6glichkeiten von Sachspenden, wie zum Beispiel <a href=\"http:\/\/fh-waltrop.de\/index.php\/kleiderkammer\/\">Kleidung<\/a>, <a href=\"http:\/\/fh-waltrop.de\/index.php\/fahrradwerkstatt\/\">Fahrr\u00e4der<\/a> und\/oder <a href=\"http:\/\/fh-waltrop.de\/index.php\/mobel-logistik-und-co\/\">M\u00f6beln<\/a>, sind nat\u00fcrlich auch Geldspenden willkommen.<\/p>\n<p style=\"text-align: justify;\">Hierf\u00fcr steht uns das Spendenkonto der Gemeindecaritas zur Verf\u00fcgung:<\/p>\n<p style=\"text-align: justify;\"><strong>Kirchengemeinde St. Peter<\/strong><br><strong>Fl\u00fcchtlingshilfe Waltrop<\/strong><br><strong>IBAN: DE37 4416 0014 0005 4025 00<\/strong><\/p>\n<p><strong>BIC: GENODEM1DOR<\/strong><\/p>\n<p style=\"text-align: justify;\">Wichtig ist, dass die Spende zweckgebunden ist und den Vermerk enth\u00e4lt: <strong>Fl\u00fcchtlingshilfe Waltrop<\/strong>. Wer konkret f\u00fcr eine unserer S\u00e4ulen spenden m\u00f6chte, gibt dann beispielsweise an: Fl\u00fcchtlingshilfe Waltrop Kleiderladen<\/p>\n<p style=\"text-align: justify;\">Selbstverst\u00e4ndlich k\u00f6nnen auf Wunsch auch Spendenquittungen ausgestellt werden.<\/p>\n<p style=\"text-align: justify;\">Wir haben bereits viele gr\u00f6\u00dfere und kleinere Spenden erhalten. Wir freuen uns \u00fcber die gro\u00dfe Hilfsbereitschaft. Das Geld wird schwerpunktm\u00e4\u00dfig verwendet:<\/p>\n<ul style=\"text-align: justify;\">\n<li>f\u00fcr den Sprachunterricht ( Lern \u2013und Schulmaterial),<\/li>\n<li>f\u00fcr das Willkommenspaket,<\/li>\n<li>f\u00fcr notwendige Fahrradreparaturen,<\/li>\n<li>f\u00fcr Bustickets zum Deutschunterricht nach Recklinghausen,<\/li>\n<li>zur Unterst\u00fctzung bei Umz\u00fcgen,<\/li>\n<li>und in Einzelf\u00e4llen (z.B. wenn eine Brille defekt ist\u2026).<\/li>\n<\/ul>\n<p style=\"text-align: justify;\"><strong>Danke an alle kleinen und gro\u00dfen Unterst\u00fctzerinnen und Unterst\u00fctzer!<\/strong><\/p>\n<p style=\"text-align: justify;\">Auch im LADEN an der Dortmunder Str. werden die Fl\u00fcchtlinge unterst\u00fctzt, denn sie k\u00f6nnen dort zu g\u00fcnstigen Preisen Lebensmittel, Kinderkleidung und Haushaltswaren einkaufen. Deswegen kommen Spenden f\u00fcr den LADEN auch den Fl\u00fcchtlingen zu gute. Hier die Kontoverbindung:<\/p>\n<p>Caritasverband Waltrop Oer-Erkenschwick<br>Stichwort \u201eDER LADEN\u201c<br>Kto.: 5 404 102; BLZ: 426 617 17 (Volksbank Waltrop)<br>IBAN:DE81 4266 1717 0005 4041 02<br>BIC: GENODEM1WLW<\/p>\n<p style=\"text-align: justify;\">Selbstverst\u00e4ndlich erhalten Sie auch hier auf Wunsch eine Spendenquittung.<\/p>\n<p style=\"text-align: justify;\">Das Umweltwarenhaus der Diakonie in Datteln ist ebenfalls eine wichtige Einrichtung, die es zu unterst\u00fctzen lohnt. Hier gibt es Kleidung, Haushaltswaren und Wohnungseinrichtungen zu g\u00fcnstigen Preisen.<\/p>\n<p style=\"text-align: justify;\">Das Spendenkonto:<\/p>\n<p style=\"text-align: justify;\">KD Bank<br>Konto Nr.: 210 463 4047<br>BLZ 350 601 90<br>IBAN: DE53 3506 0190 2104 6340 47<br>BIC: GENODED1DKD<br>Stichwort: Umweltwerktstatt Datteln<\/p>\n<p style=\"text-align: justify;\">Auch hier sind Spendenquittungen m\u00f6glich.<\/p>\n<p style=\"text-align: justify;\">Und noch etwas: Sie unterst\u00fctzen die Fl\u00fcchtlinge materiell und helfen ihnen, sich selbst zu helfen. Denn es ist f\u00fcr die Fl\u00fcchtlinge wichtig zu erleben, dass sie ihre Situation selbst\u00e4ndig verbessern k\u00f6nnen und dass sie als Menschen gesehen werden und nicht als Almosenempf\u00e4nger!<\/p>\n\n\n<p><\/p>\n","protected":false},"excerpt":{"rendered":"<p>Wir werden immer wieder gefragt, wie man die Arbeit f\u00fcr Fl\u00fcchtlinge hier in Waltrop unterst\u00fctzen kann. Neben den M\u00f6glichkeiten von Sachspenden, wie zum Beispiel Kleidung, Fahrr\u00e4der und\/oder M\u00f6beln, sind nat\u00fcrlich auch Geldspenden willkommen. Hierf\u00fcr steht uns das Spendenkonto der Gemeindecaritas zur Verf\u00fcgung: Kirchengemeinde St. PeterFl\u00fcchtlingshilfe WaltropIBAN: DE37 4416 0014 0005 4025 00 BIC: GENODEM1DOR Wichtig [&hellip;]<\/p>\n","protected":false},"author":2,"featured_media":0,"parent":0,"menu_order":0,"comment_status":"closed","ping_status":"closed","template":"","meta":{"_genesis_hide_title":false,"_genesis_hide_breadcrumbs":false,"_genesis_hide_singular_image":false,"_genesis_hide_footer_widgets":false,"_genesis_custom_body_class":"","_genesis_custom_post_class":"","_genesis_layout":"","ngg_post_thumbnail":0,"jetpack_post_was_ever_published":false,"footnotes":""},"class_list":{"0":"post-109","1":"page","2":"type-page","3":"status-publish","5":"entry"},"aioseo_notices":[],"jetpack_sharing_enabled":true,"jetpack_shortlink":"https:\/\/wp.me\/PdR32e-1L","jetpack-related-posts":[],"_links":{"self":[{"href":"https:\/\/fh-waltrop.de\/index.php\/wp-json\/wp\/v2\/pages\/109","targetHints":{"allow":["GET"]}}],"collection":[{"href":"https:\/\/fh-waltrop.de\/index.php\/wp-json\/wp\/v2\/pages"}],"about":[{"href":"https:\/\/fh-waltrop.de\/index.php\/wp-json\/wp\/v2\/types\/page"}],"author":[{"embeddable":true,"href":"https:\/\/fh-waltrop.de\/index.php\/wp-json\/wp\/v2\/users\/2"}],"replies":[{"embeddable":true,"href":"https:\/\/fh-waltrop.de\/index.php\/wp-json\/wp\/v2\/comments?post=109"}],"version-history":[{"count":0,"href":"https:\/\/fh-waltrop.de\/index.php\/wp-json\/wp\/v2\/pages\/109\/revisions"}],"wp:attachment":[{"href":"https:\/\/fh-waltrop.de\/index.php\/wp-json\/wp\/v2\/media?parent=109"}],"curies":[{"name":"wp","href":"https:\/\/api.w.org\/{rel}","templated":true}]}}