{"id":113,"date":"2015-09-28T08:46:15","date_gmt":"2015-09-28T06:46:15","guid":{"rendered":"http:\/\/fh-waltrop.de\/?page_id=113"},"modified":"2022-04-05T14:49:42","modified_gmt":"2022-04-05T13:49:42","slug":"deutschunterricht","status":"publish","type":"page","link":"https:\/\/fh-waltrop.de\/index.php\/deutschunterricht\/","title":{"rendered":"Deutschunterricht"},"content":{"rendered":"<p style=\"text-align: justify;\"><strong>Deutsch Lernen \u2013 Einstieg in eine neue Sprache<\/strong><\/p>\n<p style=\"text-align: justify;\"><strong>&nbsp;<\/strong>Abh\u00e4ngig von ihrem Herkunftsland haben die Fl\u00fcchtlinge nicht sofort Anspruch auf einen staatlichen Integrations- und Sprachkurs.<\/p>\n<p style=\"text-align: justify;\">Um dennoch allen die M\u00f6glichkeit zu geben, vom Beginn ihres Aufenthalts in Waltrop an Deutsch zu lernen, bietet die Fl\u00fcchtlingshilfe Waltrop Deutschkurse an, die von Ehrenamtlichen geleitet werden.<\/p>\n<p style=\"text-align: justify;\">Die Kurse finden in Kleingruppen von max. 12 Teilnehmern immer nachmittags (meist 14.00 bis 16.00 Uhr) im Haus der VHS statt.<\/p>\n<p style=\"text-align: justify;\">Wir freuen uns \u00fcber engagierte Helfer, die ihr p\u00e4dagogisches K\u00f6nnen einbringen m\u00f6chten. Unterrichtsmaterial ist vorhanden. Es besteht die M\u00f6glichkeit, zun\u00e4chst bei erfahrenen Kursleitern zu hospitieren.<\/p>\n<p style=\"text-align: justify;\">Interesse? Bitte nehmen Sie gern Kontakt auf: <a href=\"mailto:sprache@fluechtlingshilfe-waltrop.de\">sprache@fluechtlingshilfe-waltrop.de<\/a><\/p>\n","protected":false},"excerpt":{"rendered":"<p>Deutsch Lernen \u2013 Einstieg in eine neue Sprache &nbsp;Abh\u00e4ngig von ihrem Herkunftsland haben die Fl\u00fcchtlinge nicht sofort Anspruch auf einen staatlichen Integrations- und Sprachkurs. Um dennoch allen die M\u00f6glichkeit zu geben, vom Beginn ihres Aufenthalts in Waltrop an Deutsch zu lernen, bietet die Fl\u00fcchtlingshilfe Waltrop Deutschkurse an, die von Ehrenamtlichen geleitet werden. Die Kurse finden [&hellip;]<\/p>\n","protected":false},"author":2,"featured_media":0,"parent":0,"menu_order":6,"comment_status":"closed","ping_status":"closed","template":"","meta":{"_genesis_hide_title":false,"_genesis_hide_breadcrumbs":false,"_genesis_hide_singular_image":false,"_genesis_hide_footer_widgets":false,"_genesis_custom_body_class":"","_genesis_custom_post_class":"","_genesis_layout":"","ngg_post_thumbnail":0,"jetpack_post_was_ever_published":false,"footnotes":""},"class_list":{"0":"post-113","1":"page","2":"type-page","3":"status-publish","5":"entry"},"aioseo_notices":[],"jetpack_sharing_enabled":true,"jetpack_shortlink":"https:\/\/wp.me\/PdR32e-1P","jetpack-related-posts":[],"_links":{"self":[{"href":"https:\/\/fh-waltrop.de\/index.php\/wp-json\/wp\/v2\/pages\/113","targetHints":{"allow":["GET"]}}],"collection":[{"href":"https:\/\/fh-waltrop.de\/index.php\/wp-json\/wp\/v2\/pages"}],"about":[{"href":"https:\/\/fh-waltrop.de\/index.php\/wp-json\/wp\/v2\/types\/page"}],"author":[{"embeddable":true,"href":"https:\/\/fh-waltrop.de\/index.php\/wp-json\/wp\/v2\/users\/2"}],"replies":[{"embeddable":true,"href":"https:\/\/fh-waltrop.de\/index.php\/wp-json\/wp\/v2\/comments?post=113"}],"version-history":[{"count":0,"href":"https:\/\/fh-waltrop.de\/index.php\/wp-json\/wp\/v2\/pages\/113\/revisions"}],"wp:attachment":[{"href":"https:\/\/fh-waltrop.de\/index.php\/wp-json\/wp\/v2\/media?parent=113"}],"curies":[{"name":"wp","href":"https:\/\/api.w.org\/{rel}","templated":true}]}}