{"id":117,"date":"2015-09-28T08:46:57","date_gmt":"2015-09-28T06:46:57","guid":{"rendered":"http:\/\/fh-waltrop.de\/?page_id=117"},"modified":"2022-04-05T14:51:35","modified_gmt":"2022-04-05T13:51:35","slug":"freizeit","status":"publish","type":"page","link":"https:\/\/fh-waltrop.de\/index.php\/freizeit\/","title":{"rendered":"Freizeit"},"content":{"rendered":"<p style=\"text-align: justify;\">Gemeinsam mit Fl\u00fcchtlingen die Freizeit zu verbringen, ist eine S\u00e4ule unserer ehrenamtlichen Arbeit. Hier kann man sich in lockerer Atmosph\u00e4re besser kennen und verstehen lernen, was f\u00fcr beide Seite bereichernd ist und unseren G\u00e4sten gute M\u00f6glichkeiten der sozialen und kulturellen Integration bietet.<\/p>\n<p style=\"text-align: justify;\">Viele Projekte sind dabei m\u00f6glich, denn dem Engagement sind prinzipiell keine Grenzen gesetzt: angefangen vom gemeinsamen Fahrradausflug bis hin zum Konzertbesuch ist alles nur abh\u00e4ngig von der Eigeninitiative und der Begeisterung der Beteiligten.<\/p>\n<p style=\"text-align: justify;\"><a href=\"mailto:freizeit@fluechtlingshilfe-waltrop.de\">freizeit@fluechtlingshilfe-waltrop.de<\/a><\/p>\n","protected":false},"excerpt":{"rendered":"<p>Gemeinsam mit Fl\u00fcchtlingen die Freizeit zu verbringen, ist eine S\u00e4ule unserer ehrenamtlichen Arbeit. Hier kann man sich in lockerer Atmosph\u00e4re besser kennen und verstehen lernen, was f\u00fcr beide Seite bereichernd ist und unseren G\u00e4sten gute M\u00f6glichkeiten der sozialen und kulturellen Integration bietet. Viele Projekte sind dabei m\u00f6glich, denn dem Engagement sind prinzipiell keine Grenzen gesetzt: [&hellip;]<\/p>\n","protected":false},"author":2,"featured_media":0,"parent":0,"menu_order":0,"comment_status":"closed","ping_status":"closed","template":"","meta":{"_genesis_hide_title":false,"_genesis_hide_breadcrumbs":false,"_genesis_hide_singular_image":false,"_genesis_hide_footer_widgets":false,"_genesis_custom_body_class":"","_genesis_custom_post_class":"","_genesis_layout":"","ngg_post_thumbnail":0,"jetpack_post_was_ever_published":false,"footnotes":""},"class_list":{"0":"post-117","1":"page","2":"type-page","3":"status-publish","5":"entry"},"aioseo_notices":[],"jetpack_sharing_enabled":true,"jetpack_shortlink":"https:\/\/wp.me\/PdR32e-1T","jetpack-related-posts":[],"_links":{"self":[{"href":"https:\/\/fh-waltrop.de\/index.php\/wp-json\/wp\/v2\/pages\/117","targetHints":{"allow":["GET"]}}],"collection":[{"href":"https:\/\/fh-waltrop.de\/index.php\/wp-json\/wp\/v2\/pages"}],"about":[{"href":"https:\/\/fh-waltrop.de\/index.php\/wp-json\/wp\/v2\/types\/page"}],"author":[{"embeddable":true,"href":"https:\/\/fh-waltrop.de\/index.php\/wp-json\/wp\/v2\/users\/2"}],"replies":[{"embeddable":true,"href":"https:\/\/fh-waltrop.de\/index.php\/wp-json\/wp\/v2\/comments?post=117"}],"version-history":[{"count":0,"href":"https:\/\/fh-waltrop.de\/index.php\/wp-json\/wp\/v2\/pages\/117\/revisions"}],"wp:attachment":[{"href":"https:\/\/fh-waltrop.de\/index.php\/wp-json\/wp\/v2\/media?parent=117"}],"curies":[{"name":"wp","href":"https:\/\/api.w.org\/{rel}","templated":true}]}}