{"id":121,"date":"2015-09-28T08:47:35","date_gmt":"2015-09-28T06:47:35","guid":{"rendered":"http:\/\/fh-waltrop.de\/?page_id=121"},"modified":"2022-04-05T14:53:39","modified_gmt":"2022-04-05T13:53:39","slug":"unterstutzung-begleitung-behorden","status":"publish","type":"page","link":"https:\/\/fh-waltrop.de\/index.php\/unterstutzung-begleitung-behorden\/","title":{"rendered":"Unterst\u00fctzen und begleiten"},"content":{"rendered":"<p style=\"text-align: justify;\">Wenn Fl\u00fcchtlinge hier ankommen, haben sie erst einmal auch einige Pflichten gegen\u00fcber unseren Beh\u00f6rden zu erf\u00fcllen, die sie nicht kennen k\u00f6nnen. Wir, die ehrenamtlichen Helferinnen und Helfer, begr\u00fc\u00dfen unsere G\u00e4ste und unterst\u00fctzen sie als Erstes dabei, sich beim Bundesamt f\u00fcr Migration und Fl\u00fcchtlinge anzumelden.<\/p>\n<p style=\"text-align: justify;\">Dann erkl\u00e4ren wir ihnen das weitere Procedere und begleiten sie zum Beispiel:<\/p>\n<p style=\"text-align: justify;\">&#8211; zum B\u00fcrgerb\u00fcro, wo sie einen Antrag auf Aufenthaltsgestattung stellen m\u00fcssen, und wo sie eine Meldebescheinigung bekommen,<\/p>\n<p style=\"text-align: justify;\">&#8211; zum Sozialamt, wo das Taschengeld ausgezahlt wird oder wo auch Behandlungsscheine f\u00fcr Arztbesuche ausgestellt werden,<\/p>\n<p style=\"text-align: justify;\">&#8211; zur Ausl\u00e4nderbeh\u00f6rde, wenn die Bewilligung angekommen ist, oder um einen Antrag auf Umverteilung zu stellen,<\/p>\n<p style=\"text-align: justify;\">&#8211; zu Arztbesuchen, zum Amtsarzt, zur Bank um ein Konto zu er\u00f6ffnen &#8211; was halt so anf\u00e4llt.<\/p>\n<p style=\"text-align: justify;\">Wenn man als&nbsp;Fl\u00fcchtling seine Bewilligung erhalten hat, erfolgt in der Regel eine Anmeldung beim Jobcenter und die Abmeldung beim Sozialamt.&nbsp;Damit einhergehend erfolgt die Anmeldung bei der Krankenkasse. Wir suchen gemeinsam mit den Fl\u00fcchtlingen nach geeigneten Wohnungen und begleiten sie auch hier in den Start ins neue Leben.<\/p>\n<p style=\"text-align: justify;\">Wir helfen also bei den vielen uns selbstverst\u00e4ndlichen und unseren G\u00e4sten fremden Routinen, um den Menschen die Integration zu erleichtern. Wer uns hierbei unterst\u00fctzen will, ist herzlich willkommen. Oft reicht es schon aus, wenn Fahrgelegenheiten, bspw. f\u00fcr Arztbesuche zur Verf\u00fcgung gestellt werden.<\/p>\n<p style=\"text-align: justify;\">Kontakt: <a href=\"mailto:hilfe@fluechtlinghilfe-waltrop.de\">hilfe@fluechtlinghilfe-waltrop.de<\/a><\/p>\n","protected":false},"excerpt":{"rendered":"<p>Wenn Fl\u00fcchtlinge hier ankommen, haben sie erst einmal auch einige Pflichten gegen\u00fcber unseren Beh\u00f6rden zu erf\u00fcllen, die sie nicht kennen k\u00f6nnen. Wir, die ehrenamtlichen Helferinnen und Helfer, begr\u00fc\u00dfen unsere G\u00e4ste und unterst\u00fctzen sie als Erstes dabei, sich beim Bundesamt f\u00fcr Migration und Fl\u00fcchtlinge anzumelden. Dann erkl\u00e4ren wir ihnen das weitere Procedere und begleiten sie zum [&hellip;]<\/p>\n","protected":false},"author":2,"featured_media":0,"parent":0,"menu_order":0,"comment_status":"closed","ping_status":"closed","template":"","meta":{"_genesis_hide_title":false,"_genesis_hide_breadcrumbs":false,"_genesis_hide_singular_image":false,"_genesis_hide_footer_widgets":false,"_genesis_custom_body_class":"","_genesis_custom_post_class":"","_genesis_layout":"","ngg_post_thumbnail":0,"jetpack_post_was_ever_published":false,"footnotes":""},"class_list":{"0":"post-121","1":"page","2":"type-page","3":"status-publish","5":"entry"},"aioseo_notices":[],"jetpack_sharing_enabled":true,"jetpack_shortlink":"https:\/\/wp.me\/PdR32e-1X","jetpack-related-posts":[],"_links":{"self":[{"href":"https:\/\/fh-waltrop.de\/index.php\/wp-json\/wp\/v2\/pages\/121","targetHints":{"allow":["GET"]}}],"collection":[{"href":"https:\/\/fh-waltrop.de\/index.php\/wp-json\/wp\/v2\/pages"}],"about":[{"href":"https:\/\/fh-waltrop.de\/index.php\/wp-json\/wp\/v2\/types\/page"}],"author":[{"embeddable":true,"href":"https:\/\/fh-waltrop.de\/index.php\/wp-json\/wp\/v2\/users\/2"}],"replies":[{"embeddable":true,"href":"https:\/\/fh-waltrop.de\/index.php\/wp-json\/wp\/v2\/comments?post=121"}],"version-history":[{"count":0,"href":"https:\/\/fh-waltrop.de\/index.php\/wp-json\/wp\/v2\/pages\/121\/revisions"}],"wp:attachment":[{"href":"https:\/\/fh-waltrop.de\/index.php\/wp-json\/wp\/v2\/media?parent=121"}],"curies":[{"name":"wp","href":"https:\/\/api.w.org\/{rel}","templated":true}]}}