{"id":123,"date":"2015-09-28T08:47:46","date_gmt":"2015-09-28T06:47:46","guid":{"rendered":"http:\/\/fh-waltrop.de\/?page_id=123"},"modified":"2023-03-16T12:08:54","modified_gmt":"2023-03-16T11:08:54","slug":"kleiderkammer","status":"publish","type":"page","link":"https:\/\/fh-waltrop.de\/index.php\/kleiderkammer\/","title":{"rendered":"Kleiderkammer"},"content":{"rendered":"<p style=\"text-align: justify;\"><span style=\"color: #000000;\"><strong><a href=\"http:\/\/fh-waltrop.de\/wp-content\/uploads\/2015\/11\/12278656_700494423419737_3293819106801701782_n.jpg\"><img loading=\"lazy\" decoding=\"async\" data-attachment-id=\"740\" data-permalink=\"https:\/\/fh-waltrop.de\/index.php\/spendenannahme-04-juni\/12278656_700494423419737_3293819106801701782_n\/\" data-orig-file=\"https:\/\/fh-waltrop.de\/wp-content\/uploads\/2015\/11\/12278656_700494423419737_3293819106801701782_n.jpg\" data-orig-size=\"720,960\" data-comments-opened=\"1\" data-image-meta=\"{&quot;aperture&quot;:&quot;0&quot;,&quot;credit&quot;:&quot;&quot;,&quot;camera&quot;:&quot;&quot;,&quot;caption&quot;:&quot;&quot;,&quot;created_timestamp&quot;:&quot;0&quot;,&quot;copyright&quot;:&quot;&quot;,&quot;focal_length&quot;:&quot;0&quot;,&quot;iso&quot;:&quot;0&quot;,&quot;shutter_speed&quot;:&quot;0&quot;,&quot;title&quot;:&quot;&quot;,&quot;orientation&quot;:&quot;0&quot;}\" data-image-title=\"12278656_700494423419737_3293819106801701782_n\" data-image-description=\"\" data-image-caption=\"\" data-large-file=\"https:\/\/fh-waltrop.de\/wp-content\/uploads\/2015\/11\/12278656_700494423419737_3293819106801701782_n.jpg\" class=\"wp-image-740 alignleft\" src=\"http:\/\/fh-waltrop.de\/wp-content\/uploads\/2015\/11\/12278656_700494423419737_3293819106801701782_n.jpg\" alt=\"12278656_700494423419737_3293819106801701782_n\" width=\"233\" height=\"311\" srcset=\"https:\/\/fh-waltrop.de\/wp-content\/uploads\/2015\/11\/12278656_700494423419737_3293819106801701782_n.jpg 720w, https:\/\/fh-waltrop.de\/wp-content\/uploads\/2015\/11\/12278656_700494423419737_3293819106801701782_n-225x300.jpg 225w\" sizes=\"auto, (max-width: 233px) 100vw, 233px\" \/><\/a><\/strong><\/span><strong>Was ist die Kleiderkammer?<\/strong><\/p>\n<p>Die Kleiderkammer ist eine Art \u201eMini-Kaufhaus\u201c, in dem gespendete Kleidung, Schuhe, W\u00e4sche, etc. zu kleinen Preisen durch unsere G\u00e4ste erworben werden k\u00f6nnen.<\/p>\n<p>Auch Kinderspielzeug, Handt\u00fccher, Bettw\u00e4sche, Gardinen, Geschirr, K\u00fcchenger\u00e4te &amp; weitere Accessoires geh\u00f6ren nat\u00fcrlich dazu.<\/p>\n<p><strong>Unsere Kleiderkammer ist aus mehreren Gr\u00fcnden entstanden:<\/strong><\/p>\n<ul>\n<li>um unseren G\u00e4sten die M\u00f6glichkeit zu geben, sich vor Ort mit den Notwendigkeiten des Lebens einzudecken.<\/li>\n<li>um die unfassbar gro\u00dfe Menge an Spenden durch unsere B\u00fcrger besser organisiert und verteilt zu bekommen.<\/li>\n<li>um in Zusammenarbeit mit dem \u201eLaden\u201c in Waltrop ein besseres Netzwerk aufzubauen, um Bed\u00fcrftige generell unterst\u00fctzen zu k\u00f6nnen.<\/li>\n<\/ul>\n<p><strong>Warum kosten die Sachen dort etwas?<\/strong><\/p>\n<ul>\n<li>Das hat etwas mit Respekt gegen\u00fcber den Menschen zu tun, die die Kleiderkammer besuchen.<\/li>\n<li>Wie so sch\u00f6n gesagt wird: \u201eWas nichts kostet, ist auch nichts wert\u201c.<\/li>\n<li>Aus den Einnahmen werden wiederum Lebensmittel (Kekse, Getr\u00e4nke, Kaffee, Tee, usw.) gekauft, die unseren G\u00e4sten den Aufenthalt in der Kleiderkammer vers\u00fc\u00dfen sollen. Unser kleines &#8222;Caf\u00e9&#8220; mit seiner Spielecke ist inzwischen zu einem Treffpunkt auch f\u00fcr Gefl\u00fcchtete geworden, die sich nur unterhalten wollen.<\/li>\n<\/ul>\n<p><strong>Wie kann ich sinnvoll spenden?<\/strong><\/p>\n<ul>\n<li>Die aktuell gefragten Spenden entnehmen Sie bitte der Tagespresse, unserer Homepage hier oder der Facebook-Gruppe <u>\u201eKleiderkammer\u201c<\/u><\/li>\n<li>Da unsere Raumkapazit\u00e4ten begrenzt sind, versuchen wir, unser Angebot saisonal zu sortieren<\/li>\n<li>Bitte ausschlie\u00dflich intakte und gereinigte Sachen spenden\n<ul>\n<li>Alles andere muss von uns im schlimmsten Falle entsorgt werden, wodurch uns ggf. Unkosten entstehen.<\/li>\n<\/ul>\n<\/li>\n<li>Zweckgebundene Geldspenden werden auch gerne gesehen:\n<ul>\n<li>Kirchengemeinde St. Peter<\/li>\n<li>Fl\u00fcchtlingshilfe Waltrop Kleiderkammer<\/li>\n<li>IBAN: DE37 4416 0014 0005 4025 00<\/li>\n<\/ul>\n<\/li>\n<\/ul>\n<p><strong>Wie kann ich die Kleiderkammer erreichen?<\/strong><\/p>\n<p><strong>\u00d6ffnungszeiten:<\/strong><\/p>\n<p><strong>Ausgabe der Kleidung an Bed\u00fcrftige<\/strong><\/p>\n<p>Dienstags: 16.00 Uhr bis 18.00 Uhr<br \/>\n<span class=\"d2edcug0 hpfvmrgz qv66sw1b c1et5uql lr9zc1uh a8c37x1j keod5gw0 nxhoafnm aigsh9s9 d3f4x2em fe6kdd0r mau55g9w c8b282yb iv3no6db jq4qci2q a3bd9o3v knj5qynh oo9gr5id hzawbc8m\" dir=\"auto\">Terminabsprache per WhatsApp 0173 2515835<\/span><\/p>\n<p>Ganzj\u00e4hrig mit Ausnahme weniger Tage im Sommer.<\/p>\n<p><strong>Annahme von Spenden<\/strong><\/p>\n<p>Die Annahme von Spenden erfolgt bedarfsentsprechend. Die jeweiligen Termine werden hier, auf Facebook und in der Waltroper Zeitung ver\u00f6ffentlicht.<\/p>\n<p>Kontakt: &nbsp;&nbsp;kleiderkammer@fluechtlingshilfe-waltrop.de<\/p>\n<p>Die Kleiderkammer befindet sich im ehemaligen Schwimmbad der<\/p>\n<p>Lindgrenschule 1, Taeglichbeckstr. 29, Waltrop<\/p>\n<p>Zugang \u00fcber &#8222;Im Sauerfeld&#8220;.<\/p>\n<p style=\"text-align: justify;\"><span style=\"color: #000000;\"><strong>&nbsp;<\/strong><\/span><\/p>\n","protected":false},"excerpt":{"rendered":"<p>Was ist die Kleiderkammer? Die Kleiderkammer ist eine Art \u201eMini-Kaufhaus\u201c, in dem gespendete Kleidung, Schuhe, W\u00e4sche, etc. zu kleinen Preisen durch unsere G\u00e4ste erworben werden k\u00f6nnen. Auch Kinderspielzeug, Handt\u00fccher, Bettw\u00e4sche, Gardinen, Geschirr, K\u00fcchenger\u00e4te &amp; weitere Accessoires geh\u00f6ren nat\u00fcrlich dazu. Unsere Kleiderkammer ist aus mehreren Gr\u00fcnden entstanden: um unseren G\u00e4sten die M\u00f6glichkeit zu geben, sich vor [&hellip;]<\/p>\n","protected":false},"author":2,"featured_media":0,"parent":0,"menu_order":0,"comment_status":"closed","ping_status":"closed","template":"","meta":{"_genesis_hide_title":false,"_genesis_hide_breadcrumbs":false,"_genesis_hide_singular_image":false,"_genesis_hide_footer_widgets":false,"_genesis_custom_body_class":"","_genesis_custom_post_class":"","_genesis_layout":"","ngg_post_thumbnail":0,"jetpack_post_was_ever_published":false,"footnotes":""},"class_list":{"0":"post-123","1":"page","2":"type-page","3":"status-publish","5":"entry"},"aioseo_notices":[],"jetpack_sharing_enabled":true,"jetpack_shortlink":"https:\/\/wp.me\/PdR32e-1Z","jetpack-related-posts":[],"_links":{"self":[{"href":"https:\/\/fh-waltrop.de\/index.php\/wp-json\/wp\/v2\/pages\/123","targetHints":{"allow":["GET"]}}],"collection":[{"href":"https:\/\/fh-waltrop.de\/index.php\/wp-json\/wp\/v2\/pages"}],"about":[{"href":"https:\/\/fh-waltrop.de\/index.php\/wp-json\/wp\/v2\/types\/page"}],"author":[{"embeddable":true,"href":"https:\/\/fh-waltrop.de\/index.php\/wp-json\/wp\/v2\/users\/2"}],"replies":[{"embeddable":true,"href":"https:\/\/fh-waltrop.de\/index.php\/wp-json\/wp\/v2\/comments?post=123"}],"version-history":[{"count":0,"href":"https:\/\/fh-waltrop.de\/index.php\/wp-json\/wp\/v2\/pages\/123\/revisions"}],"wp:attachment":[{"href":"https:\/\/fh-waltrop.de\/index.php\/wp-json\/wp\/v2\/media?parent=123"}],"curies":[{"name":"wp","href":"https:\/\/api.w.org\/{rel}","templated":true}]}}