{"id":125,"date":"2015-09-28T08:48:07","date_gmt":"2015-09-28T06:48:07","guid":{"rendered":"http:\/\/fh-waltrop.de\/?page_id=125"},"modified":"2022-04-05T14:57:53","modified_gmt":"2022-04-05T13:57:53","slug":"hauspatenschaften","status":"publish","type":"page","link":"https:\/\/fh-waltrop.de\/index.php\/hauspatenschaften\/","title":{"rendered":"Hauspatenschaften"},"content":{"rendered":"<p>F\u00fcr jede der Sammelunterk\u00fcnfte und die verschiedenen Einzelunterbringungen gibt es jeweils 3-4 Helferinnen und\/oder Helfer, die dort den Schwerpunkt ihrer Hilfe sehen.<\/p>\n<p>Hauspaten<\/p>\n<ul>\n<li>haben \u00dcberblick \u00fcber die Anzahl und Situation der Bewohner<\/li>\n<li>sind Ansprechpartner f\u00fcr die Fl\u00fcchtlinge des jeweiligen Hauses<\/li>\n<li>sind Ansprechpartner f\u00fcr (neue) Helferinnen und Helfer<\/li>\n<li>vermitteln Kontakte an Helferinnen und Helfer, die eine Partnerschaft mit einem einzelnen Bewohner oder einer Familie aufbauen wollen<\/li>\n<li>kommunizieren mit den Mitarbeiterinnen und Mitarbeitern der Stadtverwaltung<\/li>\n<li>organisieren den Informationsfluss der im Hause T\u00e4tigen<\/li>\n<li>organisieren mit den Bewohnern eine feste Sprechstunde<\/li>\n<li>koordinieren bei Bedarf Begleitungen<\/li>\n<\/ul>\n<p>Kontakt: <a href=\"mailto:paten@fluechtlingshilfe-waltrop.de\">paten@fluechtlingshilfe-waltrop.de<\/a><\/p>\n","protected":false},"excerpt":{"rendered":"<p>F\u00fcr jede der Sammelunterk\u00fcnfte und die verschiedenen Einzelunterbringungen gibt es jeweils 3-4 Helferinnen und\/oder Helfer, die dort den Schwerpunkt ihrer Hilfe sehen. Hauspaten haben \u00dcberblick \u00fcber die Anzahl und Situation der Bewohner sind Ansprechpartner f\u00fcr die Fl\u00fcchtlinge des jeweiligen Hauses sind Ansprechpartner f\u00fcr (neue) Helferinnen und Helfer vermitteln Kontakte an Helferinnen und Helfer, die eine [&hellip;]<\/p>\n","protected":false},"author":2,"featured_media":0,"parent":0,"menu_order":0,"comment_status":"closed","ping_status":"closed","template":"","meta":{"_genesis_hide_title":false,"_genesis_hide_breadcrumbs":false,"_genesis_hide_singular_image":false,"_genesis_hide_footer_widgets":false,"_genesis_custom_body_class":"","_genesis_custom_post_class":"","_genesis_layout":"","ngg_post_thumbnail":0,"jetpack_post_was_ever_published":false,"footnotes":""},"class_list":{"0":"post-125","1":"page","2":"type-page","3":"status-publish","5":"entry"},"aioseo_notices":[],"jetpack_sharing_enabled":true,"jetpack_shortlink":"https:\/\/wp.me\/PdR32e-21","jetpack-related-posts":[],"_links":{"self":[{"href":"https:\/\/fh-waltrop.de\/index.php\/wp-json\/wp\/v2\/pages\/125","targetHints":{"allow":["GET"]}}],"collection":[{"href":"https:\/\/fh-waltrop.de\/index.php\/wp-json\/wp\/v2\/pages"}],"about":[{"href":"https:\/\/fh-waltrop.de\/index.php\/wp-json\/wp\/v2\/types\/page"}],"author":[{"embeddable":true,"href":"https:\/\/fh-waltrop.de\/index.php\/wp-json\/wp\/v2\/users\/2"}],"replies":[{"embeddable":true,"href":"https:\/\/fh-waltrop.de\/index.php\/wp-json\/wp\/v2\/comments?post=125"}],"version-history":[{"count":0,"href":"https:\/\/fh-waltrop.de\/index.php\/wp-json\/wp\/v2\/pages\/125\/revisions"}],"wp:attachment":[{"href":"https:\/\/fh-waltrop.de\/index.php\/wp-json\/wp\/v2\/media?parent=125"}],"curies":[{"name":"wp","href":"https:\/\/api.w.org\/{rel}","templated":true}]}}