{"id":172,"date":"2015-09-28T09:40:29","date_gmt":"2015-09-28T07:40:29","guid":{"rendered":"http:\/\/fh-waltrop.de\/?page_id=172"},"modified":"2023-03-16T13:29:12","modified_gmt":"2023-03-16T12:29:12","slug":"impressum-2","status":"publish","type":"page","link":"https:\/\/fh-waltrop.de\/index.php\/impressum-2\/","title":{"rendered":"Impressum"},"content":{"rendered":"\n\n<p><strong>Impressum nach \u00a7 5 TMG \/ \u00a7 55 RStV<\/strong><\/p>\n<p>Fl\u00fcchtlingshilfe Waltrop<br>Verantwortlich f\u00fcr den Inhalt dieser Website:<br>Bernd Sch\u00e4fer<br>c\/o Pfarrei St. Peter<br>Fl\u00fcchtlingsarbeit<br>Bissenkamp 16<br>45731 Waltrop<br>Tel. +49 160 8824782<br>post@fh-waltrop.de<\/p>\n<p>&nbsp;<\/p>\n<p>Gef\u00f6rdert mit Mitteln des Ministeriums f\u00fcr Kinder, Jugend, Familie, Gleichstellung, Flucht und Integration des Landes Nordrhein-Westfalen:<\/p>\n<p><img loading=\"lazy\" decoding=\"async\" data-attachment-id=\"4790\" data-permalink=\"https:\/\/fh-waltrop.de\/index.php\/impressum-2\/ak_wirtschaft-industrie-klimaschutz-und-energie_schwarz\/\" data-orig-file=\"https:\/\/fh-waltrop.de\/wp-content\/uploads\/2023\/03\/MKJFGFI_Logo_Farbig_600_rgb.jpg\" data-orig-size=\"600,107\" data-comments-opened=\"1\" data-image-meta=\"{&quot;aperture&quot;:&quot;0&quot;,&quot;credit&quot;:&quot;&quot;,&quot;camera&quot;:&quot;&quot;,&quot;caption&quot;:&quot;&quot;,&quot;created_timestamp&quot;:&quot;0&quot;,&quot;copyright&quot;:&quot;&quot;,&quot;focal_length&quot;:&quot;0&quot;,&quot;iso&quot;:&quot;0&quot;,&quot;shutter_speed&quot;:&quot;0&quot;,&quot;title&quot;:&quot;AK_Wirtschaft, Industrie, Klimaschutz und Energie_Schwarz&quot;,&quot;orientation&quot;:&quot;1&quot;}\" data-image-title=\"AK_Wirtschaft, Industrie, Klimaschutz und Energie_Schwarz\" data-image-description=\"\" data-image-caption=\"\" data-medium-file=\"https:\/\/fh-waltrop.de\/wp-content\/uploads\/2023\/03\/MKJFGFI_Logo_Farbig_600_rgb-300x54.jpg\" data-large-file=\"https:\/\/fh-waltrop.de\/wp-content\/uploads\/2023\/03\/MKJFGFI_Logo_Farbig_600_rgb.jpg\" class=\"alignleft size-full wp-image-4790\" src=\"http:\/\/fh-waltrop.de\/wp-content\/uploads\/2023\/03\/MKJFGFI_Logo_Farbig_600_rgb.jpg\" alt=\"\" width=\"600\" height=\"107\" srcset=\"https:\/\/fh-waltrop.de\/wp-content\/uploads\/2023\/03\/MKJFGFI_Logo_Farbig_600_rgb.jpg 600w, https:\/\/fh-waltrop.de\/wp-content\/uploads\/2023\/03\/MKJFGFI_Logo_Farbig_600_rgb-300x54.jpg 300w\" sizes=\"auto, (max-width: 600px) 100vw, 600px\" \/><\/p>\n<p>&nbsp;<\/p>\n<p>&nbsp;<\/p>\n<p>&nbsp;<\/p>\n<p><strong>Domainverwaltung, Serverbetrieb, Mailserververwaltung und technischer Support:<\/strong><\/p>\n<p><a href=\"http:\/\/www.c-4-u.de\">c-4-u Medienagentur<\/a><\/p>\n<p><strong>Copyrightvermerk<\/strong> zum Titelbild (Header, Banner):<\/p>\n<p>Fotograf: Mark M\u00fchlhaus (<a class=\"\" href=\"http:\/\/www.attenzione-photo.com\/\">www.attenzione-photo.com<\/a>), der uns das Foto freundlicherweise zur Verf\u00fcgung gestellt hat.<\/p>\n<div class=\"\" style=\"text-align: justify;\">Das Bild zeigt ein&nbsp;M\u00e4dchen, das am 20. September 2015 von Ungarn \u00fcber die Grenze in \u00d6sterreich ankommt. Sie war in einer Gruppe von Fl\u00fcchtlingen unterwegs, die auf der ungarischen Seite im Grenzort Hegyeshalom auf dem Bahnsteig abgesetzt wurden. Von da sind sie dann die drei Kilometer bis Nickelsdorf gelaufen. Keiner hat ihnen irgend etwas gesagt, einige wussten z. B. nicht, dass sie jetzt in \u00d6sterreich sind. Mark M\u00fchlhaus hatte die Gruppe vom Bahnhof aus begleitet. Von Ungarn nach \u00d6sterreich, Heiligenkreuz und Nickelsdorf und am 20. abends dann nach Freilassing auf die deutsche Seite.<\/div>\n<div class=\"\" style=\"text-align: justify;\"><strong>Zum Rechtlichen:<\/strong><\/div>\n<p style=\"text-align: justify;\"><strong>1. Haftungsbeschr\u00e4nkung<\/strong><\/p>\n<p style=\"text-align: justify;\">Die Inhalte dieser Website werden mit gr\u00f6\u00dftm\u00f6glicher Sorgfalt erstellt. Der Anbieter \u00fcbernimmt jedoch keine Gew\u00e4hr f\u00fcr die Richtigkeit, Vollst\u00e4ndigkeit und Aktualit\u00e4t der bereitgestellten Inhalte. Die Nutzung der Inhalte der Website erfolgt auf eigene Gefahr des Nutzers. Namentlich gekennzeichnete Beitr\u00e4ge geben die Meinung des jeweiligen Autors und nicht immer die Meinung des Anbieters wieder. Mit der reinen Nutzung der Website des Anbieters kommt keinerlei Vertragsverh\u00e4ltnis zwischen dem Nutzer und dem Anbieter zustande.<\/p>\n<div class=\"std_text_oberhalb\" style=\"text-align: justify;\">&nbsp;<\/div>\n<div class=\"std_text_oberhalb\" style=\"text-align: justify;\">\n<p><strong>2. Externe Links<\/strong><\/p>\n<p>Diese Website enth\u00e4lt Verkn\u00fcpfungen zu Websites Dritter (\u201cexterne Links\u201d). Diese Websites unterliegen der Haftung der jeweiligen Betreiber. Der Anbieter hat bei der erstmaligen Verkn\u00fcpfung der externen Links die fremden Inhalte daraufhin \u00fcberpr\u00fcft, ob etwaige Rechtsverst\u00f6\u00dfe bestehen. Zu dem Zeitpunkt waren keine Rechtsverst\u00f6\u00dfe ersichtlich. Der Anbieter hat keinerlei Einfluss auf die aktuelle und zuk\u00fcnftige Gestaltung und auf die Inhalte der verkn\u00fcpften Seiten. Das Setzen von externen Links bedeutet nicht, dass sich der Anbieter die hinter dem Verweis oder Link liegenden Inhalte zu Eigen macht. Eine st\u00e4ndige Kontrolle der externen Links ist f\u00fcr den Anbieter ohne konkrete Hinweise auf Rechtsverst\u00f6\u00dfe nicht zumutbar. Bei Kenntnis von Rechtsverst\u00f6\u00dfen werden jedoch derartige externe Links unverz\u00fcglich gel\u00f6scht.<\/p>\n<\/div>\n<div class=\"std_text_oberhalb\" style=\"text-align: justify;\">&nbsp;<\/div>\n<div class=\"std_text_oberhalb\" style=\"text-align: justify;\">\n<p><strong>3. Urheber- und Leistungsschutzrechte<\/strong><\/p>\n<p>Die auf dieser Website ver\u00f6ffentlichten Inhalte unterliegen dem deutschen Urheber- und Leistungsschutzrecht. Jede vom deutschen Urheber- und Leistungsschutzrecht nicht zugelassene Verwertung bedarf der vorherigen schriftlichen Zustimmung des Anbieters oder jeweiligen Rechteinhabers. Dies gilt insbesondere f\u00fcr Vervielf\u00e4ltigung, Bearbeitung, \u00dcbersetzung, Einspeicherung, Verarbeitung bzw. Wiedergabe von Inhalten in Datenbanken oder anderen elektronischen Medien und Systemen. Inhalte und Rechte Dritter sind dabei als solche gekennzeichnet. Die unerlaubte Vervielf\u00e4ltigung oder Weitergabe einzelner Inhalte oder kompletter Seiten ist nicht gestattet und strafbar. Lediglich die Herstellung von Kopien und Downloads f\u00fcr den pers\u00f6nlichen, privaten und nicht kommerziellen Gebrauch ist erlaubt.<\/p>\n<p>Die Darstellung dieser Website in fremden Frames ist nur mit schriftlicher Erlaubnis zul\u00e4ssig.<\/p>\n<p><strong>4. Datenschutz<\/strong><\/p>\n<p>Durch den Besuch der Website des Anbieters k\u00f6nnen Informationen \u00fcber den Zugriff (Datum, Uhrzeit, betrachtete Seite) gespeichert werden. Diese Daten geh\u00f6ren nicht zu den personenbezogenen Daten, sondern sind anonymisiert. Sie werden ausschlie\u00dflich zu statistischen Zwecken ausgewertet. Eine Weitergabe an Dritte, zu kommerziellen oder nichtkommerziellen Zwecken, findet nicht statt.<\/p>\n<p>Der Anbieter weist ausdr\u00fccklich darauf hin, dass die Daten\u00fcbertragung im Internet (z.B. bei der Kommunikation per E-Mail) Sicherheitsl\u00fccken aufweisen und nicht l\u00fcckenlos vor dem Zugriff durch Dritte gesch\u00fctzt werden kann.<\/p>\n<p>Die Verwendung der Kontaktdaten des Impressums zur gewerblichen Werbung ist ausdr\u00fccklich nicht erw\u00fcnscht, es sei denn der Anbieter hatte zuvor seine schriftliche Einwilligung erteilt oder es besteht bereits eine Gesch\u00e4ftsbeziehung. Der Anbieter und alle auf dieser Website genannten Personen widersprechen hiermit jeder kommerziellen Verwendung und Weitergabe ihrer Daten.<\/p>\n<\/div>\n<p style=\"text-align: justify;\"><strong>Kommentarfunktionen<\/strong><br>Im Rahmen der Kommentarfunktion erheben wir personenbezogene Daten (z.B. Name, E-Mail) im Rahmen Ihrer Kommentierung zu einem Beitrag nur in dem Umfang wie Sie ihn uns mitgeteilt haben. Bei der Ver\u00f6ffentlichung eines Kommentars wird die von Ihnen angegebene Email-Adresse gespeichert, aber nicht ver\u00f6ffentlicht. Ihr Name wird ver\u00f6ffentlicht, wenn Sie nicht unter Pseudonym geschrieben haben.<\/p>\n<p style=\"text-align: justify;\"><strong>Auskunftsrecht<\/strong><br>Sie haben das jederzeitige Recht, sich unentgeltlich und unverz\u00fcglich \u00fcber die zu Ihrer Person erhobenen Daten zu erkundigen. Sie haben das jederzeitige Recht, Ihre Zustimmung zur Verwendung Ihrer angegeben pers\u00f6nlichen Daten mit Wirkung f\u00fcr die Zukunft zu widerrufen. Zur Auskunftserteilung wenden Sie sich bitte an den Anbieter unter den Kontaktdaten im Impressum.<\/p>\n<p style=\"text-align: justify;\"><strong>5. Besondere Nutzungsbedingungen<\/strong><\/p>\n<p style=\"text-align: justify;\">Soweit besondere Bedingungen f\u00fcr einzelne Nutzungen dieser Website von den vorgenannten Nummern 1. bis 4. abweichen, wird an entsprechender Stelle ausdr\u00fccklich darauf hingewiesen. In diesem Falle gelten im jeweiligen Einzelfall die besonderen Nutzungsbedingungen.<\/p>\n<div class=\"quelle\" style=\"text-align: justify;\">Quelle: Disclaimer Vorlage vom&nbsp;<a href=\"http:\/\/www.juraforum.de\/\" target=\"_blank\" rel=\"noopener noreferrer\">www.JuraForum.de<\/a><\/div>","protected":false},"excerpt":{"rendered":"<p>Impressum nach \u00a7 5 TMG \/ \u00a7 55 RStV Fl\u00fcchtlingshilfe WaltropVerantwortlich f\u00fcr den Inhalt dieser Website:Bernd Sch\u00e4ferc\/o Pfarrei St. PeterFl\u00fcchtlingsarbeitBissenkamp 1645731 WaltropTel. +49 160 8824782post@fh-waltrop.de &nbsp; Gef\u00f6rdert mit Mitteln des Ministeriums f\u00fcr Kinder, Jugend, Familie, Gleichstellung, Flucht und Integration des Landes Nordrhein-Westfalen: &nbsp; &nbsp; &nbsp; Domainverwaltung, Serverbetrieb, Mailserververwaltung und technischer Support: c-4-u Medienagentur Copyrightvermerk zum [&hellip;]<\/p>\n","protected":false},"author":2,"featured_media":0,"parent":0,"menu_order":0,"comment_status":"closed","ping_status":"closed","template":"","meta":{"_genesis_hide_title":false,"_genesis_hide_breadcrumbs":false,"_genesis_hide_singular_image":false,"_genesis_hide_footer_widgets":false,"_genesis_custom_body_class":"","_genesis_custom_post_class":"","_genesis_layout":"","ngg_post_thumbnail":0,"jetpack_post_was_ever_published":false,"footnotes":""},"class_list":{"0":"post-172","1":"page","2":"type-page","3":"status-publish","5":"entry"},"aioseo_notices":[],"jetpack_sharing_enabled":true,"jetpack_shortlink":"https:\/\/wp.me\/PdR32e-2M","jetpack-related-posts":[],"_links":{"self":[{"href":"https:\/\/fh-waltrop.de\/index.php\/wp-json\/wp\/v2\/pages\/172","targetHints":{"allow":["GET"]}}],"collection":[{"href":"https:\/\/fh-waltrop.de\/index.php\/wp-json\/wp\/v2\/pages"}],"about":[{"href":"https:\/\/fh-waltrop.de\/index.php\/wp-json\/wp\/v2\/types\/page"}],"author":[{"embeddable":true,"href":"https:\/\/fh-waltrop.de\/index.php\/wp-json\/wp\/v2\/users\/2"}],"replies":[{"embeddable":true,"href":"https:\/\/fh-waltrop.de\/index.php\/wp-json\/wp\/v2\/comments?post=172"}],"version-history":[{"count":0,"href":"https:\/\/fh-waltrop.de\/index.php\/wp-json\/wp\/v2\/pages\/172\/revisions"}],"wp:attachment":[{"href":"https:\/\/fh-waltrop.de\/index.php\/wp-json\/wp\/v2\/media?parent=172"}],"curies":[{"name":"wp","href":"https:\/\/api.w.org\/{rel}","templated":true}]}}