{"id":179,"date":"2015-09-29T08:19:50","date_gmt":"2015-09-29T06:19:50","guid":{"rendered":"http:\/\/fh-waltrop.de\/?page_id=179"},"modified":"2022-04-05T14:29:29","modified_gmt":"2022-04-05T13:29:29","slug":"mobel-logistik-und-co","status":"publish","type":"page","link":"https:\/\/fh-waltrop.de\/index.php\/mobel-logistik-und-co\/","title":{"rendered":"M\u00f6bel, Logistik und Co"},"content":{"rendered":"<p style=\"text-align: justify;\">Im begrenzten Umfang vermitteln wir auch M\u00f6belspenden. Das ist in der Regel immer dann notwendig, wenn Fl\u00fcchtlingsfamilien ihre eigene Wohnung zugewiesen bekommen. Da wir keine Lagerkapazit\u00e4ten haben, fragen wir intern nach wo gerade Bedarf besteht und bringen dann beide Seiten miteinander in Kontakt.<\/p>\n<p style=\"text-align: justify;\">Im kleinen Umfang k\u00f6nnen wir auch bei Transport und Aufbau der M\u00f6bel behilflich sein. Da wir alle ehrenamtlich t\u00e4tig sind und regul\u00e4re Jobs haben, muss dies nat\u00fcrlich zeitlich abgestimmt werden.<\/p>\n<p style=\"text-align: justify;\">Deshalb freuen wir uns auch immer auf tatkr\u00e4ftige Unterst\u00fctzung durch neue Leute in unserem Team. Also meldet euch!<\/p>\n<p style=\"text-align: justify;\">Wichtig ist uns auch die Hilfe zur Selbsthilfe. D.h. wir sehen gerne, wenn die Fl\u00fcchtlinge mithelfen und sich auch selbst organisieren.<\/p>\n<p style=\"text-align: justify;\">Selbstverst\u00e4ndlich ist, dass die gespendeten M\u00f6bel bei Zuteilung unseren neuen G\u00e4sten geh\u00f6ren und diese auch daf\u00fcr verantwortlich sind.<\/p>\n<p style=\"text-align: justify;\">Wir sind erreichbar unter <a href=\"mailto:moebel@fluechtlingshilfe-waltrop.de\">moebel@fluechtlingshilfe-waltrop.de<\/a><u><\/u>&nbsp;und unter der Telefonnummer: 02309 &#8211; 71047<\/p>\n<p style=\"text-align: justify;\">Euer Team von M\u00f6bel, Logistik und Co<\/p>\n<p style=\"text-align: justify;\"><a href=\"http:\/\/fh-waltrop.de\/wp-content\/uploads\/2015\/11\/Moebel03.jpg\"><img loading=\"lazy\" decoding=\"async\" data-attachment-id=\"778\" data-permalink=\"https:\/\/fh-waltrop.de\/index.php\/mobel-und-co\/moebel03\/\" data-orig-file=\"https:\/\/fh-waltrop.de\/wp-content\/uploads\/2015\/11\/Moebel03.jpg\" data-orig-size=\"2048,1152\" data-comments-opened=\"1\" data-image-meta=\"{&quot;aperture&quot;:&quot;0&quot;,&quot;credit&quot;:&quot;&quot;,&quot;camera&quot;:&quot;&quot;,&quot;caption&quot;:&quot;&quot;,&quot;created_timestamp&quot;:&quot;0&quot;,&quot;copyright&quot;:&quot;&quot;,&quot;focal_length&quot;:&quot;0&quot;,&quot;iso&quot;:&quot;0&quot;,&quot;shutter_speed&quot;:&quot;0&quot;,&quot;title&quot;:&quot;&quot;,&quot;orientation&quot;:&quot;0&quot;}\" data-image-title=\"Moebel03\" data-image-description=\"\" data-image-caption=\"\" data-medium-file=\"https:\/\/fh-waltrop.de\/wp-content\/uploads\/2015\/11\/Moebel03-300x169.jpg\" data-large-file=\"https:\/\/fh-waltrop.de\/wp-content\/uploads\/2015\/11\/Moebel03-1024x576.jpg\" class=\"alignnone size-large wp-image-778\" src=\"http:\/\/fh-waltrop.de\/wp-content\/uploads\/2015\/11\/Moebel03-1024x576.jpg\" alt=\"Moebel03\" width=\"1024\" height=\"576\" srcset=\"https:\/\/fh-waltrop.de\/wp-content\/uploads\/2015\/11\/Moebel03-1024x576.jpg 1024w, https:\/\/fh-waltrop.de\/wp-content\/uploads\/2015\/11\/Moebel03-300x169.jpg 300w, https:\/\/fh-waltrop.de\/wp-content\/uploads\/2015\/11\/Moebel03.jpg 2048w\" sizes=\"auto, (max-width: 1024px) 100vw, 1024px\" \/><\/a><\/p>\n<p>&nbsp;<\/p>\n","protected":false},"excerpt":{"rendered":"<p>Im begrenzten Umfang vermitteln wir auch M\u00f6belspenden. Das ist in der Regel immer dann notwendig, wenn Fl\u00fcchtlingsfamilien ihre eigene Wohnung zugewiesen bekommen. Da wir keine Lagerkapazit\u00e4ten haben, fragen wir intern nach wo gerade Bedarf besteht und bringen dann beide Seiten miteinander in Kontakt. Im kleinen Umfang k\u00f6nnen wir auch bei Transport und Aufbau der M\u00f6bel [&hellip;]<\/p>\n","protected":false},"author":2,"featured_media":0,"parent":0,"menu_order":0,"comment_status":"closed","ping_status":"closed","template":"","meta":{"_genesis_hide_title":false,"_genesis_hide_breadcrumbs":false,"_genesis_hide_singular_image":false,"_genesis_hide_footer_widgets":false,"_genesis_custom_body_class":"","_genesis_custom_post_class":"","_genesis_layout":"","ngg_post_thumbnail":0,"jetpack_post_was_ever_published":false,"footnotes":""},"class_list":{"0":"post-179","1":"page","2":"type-page","3":"status-publish","5":"entry"},"aioseo_notices":[],"jetpack_sharing_enabled":true,"jetpack_shortlink":"https:\/\/wp.me\/PdR32e-2T","jetpack-related-posts":[],"_links":{"self":[{"href":"https:\/\/fh-waltrop.de\/index.php\/wp-json\/wp\/v2\/pages\/179","targetHints":{"allow":["GET"]}}],"collection":[{"href":"https:\/\/fh-waltrop.de\/index.php\/wp-json\/wp\/v2\/pages"}],"about":[{"href":"https:\/\/fh-waltrop.de\/index.php\/wp-json\/wp\/v2\/types\/page"}],"author":[{"embeddable":true,"href":"https:\/\/fh-waltrop.de\/index.php\/wp-json\/wp\/v2\/users\/2"}],"replies":[{"embeddable":true,"href":"https:\/\/fh-waltrop.de\/index.php\/wp-json\/wp\/v2\/comments?post=179"}],"version-history":[{"count":0,"href":"https:\/\/fh-waltrop.de\/index.php\/wp-json\/wp\/v2\/pages\/179\/revisions"}],"wp:attachment":[{"href":"https:\/\/fh-waltrop.de\/index.php\/wp-json\/wp\/v2\/media?parent=179"}],"curies":[{"name":"wp","href":"https:\/\/api.w.org\/{rel}","templated":true}]}}