{"id":2,"date":"2015-09-10T10:16:49","date_gmt":"2015-09-10T08:16:49","guid":{"rendered":"http:\/\/postbox.do.bee.de\/fluechtling\/wordpress\/?page_id=2"},"modified":"2022-04-02T14:30:16","modified_gmt":"2022-04-02T13:30:16","slug":"kontakt","status":"publish","type":"page","link":"https:\/\/fh-waltrop.de\/index.php\/kontakt\/","title":{"rendered":"Kontakt"},"content":{"rendered":"<table style=\"height: 1117px;\" width=\"998\" cellspacing=\"0\" cellpadding=\"0\">\n<tbody>\n<tr>\n<td valign=\"top\"><span style=\"color: #000000; font-family: Helvetica; font-size: medium;\"><b>Allgemein:<\/b> <\/span><\/td>\n<td valign=\"top\"><span style=\"color: #000000; font-family: Helvetica; font-size: medium;\"><a href=\"mailto:post@fluechtlingshilfe-waltrop.de\"><u>post@fluechtlingshilfe-waltrop.de<\/u><\/a><u><\/u><\/span><\/td>\n<td valign=\"top\">+49 160 8824782<\/td>\n<\/tr>\n<tr>\n<td valign=\"top\">&nbsp;<\/td>\n<\/tr>\n<tr>\n<td valign=\"top\"><span style=\"color: #000000; font-family: Helvetica; font-size: medium;\"><b>Kleiderkammer:<\/b><\/span><\/td>\n<td valign=\"top\"><span style=\"color: #000000; font-family: Helvetica; font-size: medium;\"><a href=\"mailto:kleiderkammer@fluechtlingshilfe-waltrop.de\"><u>kleiderkammer@fluechtlingshilfe-waltrop.de<\/u><u><\/u><\/a><\/span><\/td>\n<td valign=\"top\">+49 173 2515835<\/td>\n<\/tr>\n<tr>\n<td valign=\"top\">&nbsp;<\/td>\n<td valign=\"top\">&nbsp;<\/td>\n<td valign=\"top\">&nbsp;<\/td>\n<\/tr>\n<tr>\n<td valign=\"top\">\n<p style=\"text-align: left;\" align=\"justify\"><span style=\"color: #1e1e1e; font-family: Helvetica; font-size: medium;\"><b>M\u00f6bel, Logistik &amp; Co.:<\/b><\/span><\/p>\n<\/td>\n<td valign=\"top\">\n<p align=\"justify\"><u><a href=\"mailto:moebel@fluechtlingshilfe-waltrop.de\">moebel@fluechtlingshilfe-waltrop.de<\/a><\/u><\/p>\n<\/td>\n<td valign=\"top\">02309 \u2013 71047<\/td>\n<\/tr>\n<tr>\n<td valign=\"top\">&nbsp;<\/td>\n<td valign=\"top\">&nbsp;<\/td>\n<td valign=\"top\">&nbsp;<\/td>\n<\/tr>\n<tr>\n<td valign=\"top\">&nbsp;<\/td>\n<td valign=\"top\">&nbsp;<\/td>\n<td valign=\"top\">&nbsp;<\/td>\n<\/tr>\n<tr>\n<td valign=\"top\">&nbsp;<\/td>\n<td valign=\"top\">&nbsp;<\/td>\n<td valign=\"top\">&nbsp;<\/td>\n<\/tr>\n<tr>\n<td valign=\"top\">\n<p align=\"justify\"><span style=\"color: #1e1e1e; font-family: Helvetica; font-size: medium;\"><b>Deutschunterricht:<\/b><\/span><\/p>\n<\/td>\n<td valign=\"top\">\n<p align=\"justify\"><span style=\"color: #1e1e1e; font-family: Helvetica; font-size: medium;\"><a href=\"mailto:sprache@fluechtlingshilfe-waltrop.de\"><u>sprache@fluechtlingshilfe-waltrop.de<\/u><u><\/u><\/a><\/span><\/p>\n<\/td>\n<td valign=\"top\">&nbsp;<\/td>\n<\/tr>\n<tr>\n<td valign=\"top\">&nbsp;<\/td>\n<td valign=\"top\">&nbsp;<\/td>\n<td valign=\"top\">&nbsp;<\/td>\n<\/tr>\n<tr>\n<td valign=\"top\">\n<p align=\"justify\"><span style=\"color: #1e1e1e; font-family: Helvetica; font-size: medium;\"><b>Mutter-Kind-Treff:<\/b><\/span><\/p>\n<\/td>\n<td valign=\"top\">\n<p align=\"justify\"><span style=\"color: #1e1e1e; font-family: Helvetica; font-size: medium;\"><a href=\"mailto:familie@fluechtlingshilfe-waltrop.de\"><u>familie@fluechtlingshilfe-waltrop.de<\/u><u><\/u><\/a><\/span><\/p>\n<\/td>\n<td valign=\"top\">&nbsp;<\/td>\n<\/tr>\n<tr>\n<td valign=\"top\">&nbsp;<\/td>\n<td valign=\"top\">&nbsp;<\/td>\n<td valign=\"top\">&nbsp;<\/td>\n<\/tr>\n<tr>\n<td valign=\"top\">\n<p align=\"justify\"><span style=\"color: #1e1e1e; font-family: Helvetica; font-size: medium;\"><b>Freizeitaktivit\u00e4ten:<\/b><\/span><\/p>\n<\/td>\n<td valign=\"top\">\n<p align=\"justify\"><span style=\"color: #1e1e1e; font-family: Helvetica; font-size: medium;\"><a href=\"mailto:freizeit@fluechtlingshilfe-waltrop.de\"><u>freizeit@fluechtlingshilfe-waltrop.de<\/u><u><\/u><\/a><\/span><\/p>\n<\/td>\n<td valign=\"top\">&nbsp;<\/td>\n<\/tr>\n<tr>\n<td valign=\"top\">&nbsp;<\/td>\n<td valign=\"top\">&nbsp;<\/td>\n<td valign=\"top\">&nbsp;<\/td>\n<\/tr>\n<tr>\n<td valign=\"top\">\n<p align=\"justify\"><span style=\"color: #1e1e1e; font-family: Helvetica; font-size: medium;\"><b>Unterst\u00fctzen und<\/b><\/span><\/p>\n<p align=\"justify\"><span style=\"color: #1e1e1e; font-family: Helvetica; font-size: medium;\"><b>Begleiten:<\/b> <\/span><\/p>\n<\/td>\n<td valign=\"top\">\n<p align=\"justify\"><span style=\"color: #1e1e1e; font-family: Helvetica; font-size: medium;\"><a href=\"mailto:hilfe@fluechtlinghilfe-waltrop.de\"><u>hilfe@fluechtlinghilfe-waltrop.de<\/u><u><b><\/b><\/u><\/a><\/span><\/p>\n<\/td>\n<td valign=\"top\">&nbsp;<\/td>\n<\/tr>\n<tr>\n<td valign=\"top\">&nbsp;<\/td>\n<td valign=\"top\">&nbsp;<\/td>\n<td valign=\"top\">&nbsp;<\/td>\n<\/tr>\n<tr>\n<td valign=\"top\">\n<p align=\"justify\"><span style=\"color: #1e1e1e; font-family: Helvetica; font-size: medium;\"><b>Hauspaten:<\/b><\/span><\/p>\n<\/td>\n<td valign=\"top\">\n<p align=\"justify\"><span style=\"color: #1e1e1e; font-family: Helvetica; font-size: medium;\"><a href=\"mailto:paten@fluechtlingshilfe-waltrop.de\"><u>paten@fluechtlingshilfe-waltrop.de<\/u><u><\/u><\/a><\/span><\/p>\n<\/td>\n<td valign=\"top\">&nbsp;<\/td>\n<\/tr>\n<tr>\n<td valign=\"top\">&nbsp;<\/td>\n<td valign=\"top\">&nbsp;<\/td>\n<td valign=\"top\">&nbsp;<\/td>\n<\/tr>\n<tr>\n<td valign=\"top\">\n<p align=\"justify\"><span style=\"color: #1e1e1e; font-family: Helvetica; font-size: medium;\"><b>Presse- und<\/b><\/span><\/p>\n<p align=\"justify\"><span style=\"color: #1e1e1e; font-family: Helvetica; font-size: medium;\"><b>\u00d6ffentlichkeitsarbeit:<\/b><\/span><\/p>\n<\/td>\n<td valign=\"top\">\n<p align=\"justify\"><a style=\"font-family: Helvetica;\" href=\"mailto:pr@fluechtlingshilfe-waltrop.de\"><u>pr@fluechtlingshilfe-waltrop.de<\/u><\/a><\/p>\n<\/td>\n<td valign=\"top\">+49 160 8824782<\/td>\n<\/tr>\n<\/tbody>\n<\/table>\n<p><strong>Postanschrift:<\/strong><\/p>\n<p>Fl\u00fcchtlingshilfe Waltrop<br \/>\nc\/o Pfarrei St. Peter<br \/>\nFl\u00fcchtlingsarbeit<br \/>\nBissenkamp 16<br \/>\n45731 Waltrop<\/p>\n<p>&nbsp;<\/p>\n<p><strong>&#8222;Stammtisch&#8220;:<\/strong><\/p>\n<p>Der &#8222;Stammtisch&#8220; ist unser regelm\u00e4\u00dfiger \u00f6ffentlicher Treff, eine Art loses und offenes Plenum, und&nbsp;dient dem Informations- und Erfahrungsaustausch aber auch&nbsp;dem gem\u00fctlichen Plausch.<\/p>\n<p><span style=\"color: #ff0000;\"><strong><em>Wegen Corona finden unsere Treffen nur unregelm\u00e4\u00dfig statt &#8211; Aktuelle Termine bitte unter post@fluechtlingshilfe-waltrop.de erfragen.<\/em><\/strong><\/span><\/p>\n","protected":false},"excerpt":{"rendered":"<p>Allgemein: post@fluechtlingshilfe-waltrop.de +49 160 8824782 &nbsp; Kleiderkammer: kleiderkammer@fluechtlingshilfe-waltrop.de +49 173 2515835 &nbsp; &nbsp; &nbsp; M\u00f6bel, Logistik &amp; Co.: moebel@fluechtlingshilfe-waltrop.de 02309 \u2013 71047 &nbsp; &nbsp; &nbsp; &nbsp; &nbsp; &nbsp; &nbsp; &nbsp; &nbsp; Deutschunterricht: sprache@fluechtlingshilfe-waltrop.de &nbsp; &nbsp; &nbsp; &nbsp; Mutter-Kind-Treff: familie@fluechtlingshilfe-waltrop.de &nbsp; &nbsp; &nbsp; &nbsp; Freizeitaktivit\u00e4ten: freizeit@fluechtlingshilfe-waltrop.de &nbsp; &nbsp; &nbsp; &nbsp; Unterst\u00fctzen und Begleiten: hilfe@fluechtlinghilfe-waltrop.de &nbsp; &nbsp; [&hellip;]<\/p>\n","protected":false},"author":2,"featured_media":0,"parent":0,"menu_order":0,"comment_status":"open","ping_status":"closed","template":"","meta":{"_genesis_hide_title":false,"_genesis_hide_breadcrumbs":false,"_genesis_hide_singular_image":false,"_genesis_hide_footer_widgets":false,"_genesis_custom_body_class":"","_genesis_custom_post_class":"","_genesis_layout":"","ngg_post_thumbnail":0,"jetpack_post_was_ever_published":false,"footnotes":""},"class_list":{"0":"post-2","1":"page","2":"type-page","3":"status-publish","5":"entry"},"aioseo_notices":[],"jetpack_sharing_enabled":true,"jetpack_shortlink":"https:\/\/wp.me\/PdR32e-2","jetpack-related-posts":[],"_links":{"self":[{"href":"https:\/\/fh-waltrop.de\/index.php\/wp-json\/wp\/v2\/pages\/2","targetHints":{"allow":["GET"]}}],"collection":[{"href":"https:\/\/fh-waltrop.de\/index.php\/wp-json\/wp\/v2\/pages"}],"about":[{"href":"https:\/\/fh-waltrop.de\/index.php\/wp-json\/wp\/v2\/types\/page"}],"author":[{"embeddable":true,"href":"https:\/\/fh-waltrop.de\/index.php\/wp-json\/wp\/v2\/users\/2"}],"replies":[{"embeddable":true,"href":"https:\/\/fh-waltrop.de\/index.php\/wp-json\/wp\/v2\/comments?post=2"}],"version-history":[{"count":0,"href":"https:\/\/fh-waltrop.de\/index.php\/wp-json\/wp\/v2\/pages\/2\/revisions"}],"wp:attachment":[{"href":"https:\/\/fh-waltrop.de\/index.php\/wp-json\/wp\/v2\/media?parent=2"}],"curies":[{"name":"wp","href":"https:\/\/api.w.org\/{rel}","templated":true}]}}