{"id":29,"date":"2015-09-23T16:44:51","date_gmt":"2015-09-23T14:44:51","guid":{"rendered":"http:\/\/fh-waltrop.de\/?page_id=29"},"modified":"2022-04-05T15:39:17","modified_gmt":"2022-04-05T14:39:17","slug":"uber-uns","status":"publish","type":"page","link":"https:\/\/fh-waltrop.de\/index.php\/uber-uns\/","title":{"rendered":"\u00dcber Uns"},"content":{"rendered":"<figure id=\"attachment_501\" aria-describedby=\"caption-attachment-501\" style=\"width: 900px\" class=\"wp-caption alignnone\"><a href=\"http:\/\/fh-waltrop.de\/wp-content\/uploads\/2015\/09\/D3X8327.jpg\"><img loading=\"lazy\" decoding=\"async\" data-attachment-id=\"501\" data-permalink=\"https:\/\/fh-waltrop.de\/index.php\/photography-2\/demo-waltrop-gegen-rassismus-17\/\" data-orig-file=\"https:\/\/fh-waltrop.de\/wp-content\/uploads\/2015\/09\/D3X8327.jpg\" data-orig-size=\"900,600\" data-comments-opened=\"1\" data-image-meta=\"{&quot;aperture&quot;:&quot;8&quot;,&quot;credit&quot;:&quot;Bernd Schaefer&quot;,&quot;camera&quot;:&quot;NIKON D3X&quot;,&quot;caption&quot;:&quot;&quot;,&quot;created_timestamp&quot;:&quot;1445688335&quot;,&quot;copyright&quot;:&quot;Copyright by Bernd Schaefer&quot;,&quot;focal_length&quot;:&quot;28&quot;,&quot;iso&quot;:&quot;400&quot;,&quot;shutter_speed&quot;:&quot;0.004&quot;,&quot;title&quot;:&quot;Demo Waltrop gegen Rassismus&quot;,&quot;orientation&quot;:&quot;1&quot;}\" data-image-title=\"Demo Waltrop gegen Rassismus\" data-image-description=\"\" data-image-caption=\"\" data-large-file=\"https:\/\/fh-waltrop.de\/wp-content\/uploads\/2015\/09\/D3X8327.jpg\" class=\"wp-image-501 size-full\" src=\"http:\/\/fh-waltrop.de\/wp-content\/uploads\/2015\/09\/D3X8327.jpg\" alt=\"Demo Waltrop gegen Rassismus\" width=\"900\" height=\"600\" srcset=\"https:\/\/fh-waltrop.de\/wp-content\/uploads\/2015\/09\/D3X8327.jpg 900w, https:\/\/fh-waltrop.de\/wp-content\/uploads\/2015\/09\/D3X8327-300x200.jpg 300w\" sizes=\"auto, (max-width: 900px) 100vw, 900px\" \/><\/a><figcaption id=\"caption-attachment-501\" class=\"wp-caption-text\">Foto (c): B. Sch\u00e4fer<\/figcaption><\/figure>\n<p style=\"text-align: justify;\">Die <strong>Fl\u00fcchtlingshilfe Waltrop<\/strong> ist eine freie unabh\u00e4ngige Initiative von inzwischen weit&nbsp;\u00fcber einhundert Menschen, die sich ehrenamtlich engagieren und Fl\u00fcchtlingen hier in Waltrop bei der Integration unterst\u00fctzen.<\/p>\n<p style=\"text-align: justify;\">Wir sind kein Verein, trotzdem haben wir eine Struktur. Das sind die vier <strong>Handlungsebenen: <\/strong>S\u00e4ulen, Stammtisch, HelferInnenAusschuss (HIA) und Hauptversammlung.<strong>&nbsp;<\/strong><\/p>\n<p style=\"text-align: justify;\"><strong>S\u00e4ulen<\/strong>: Unsere Arbeit baut&nbsp;auf neun S\u00e4ulen auf. Sie&nbsp;sind das Grundger\u00fcst unserer praktischen Hilfe:<\/p>\n<p style=\"padding-left: 40px;\">&#8211; Sprache <a href=\"http:\/\/fh-waltrop.de\/index.php\/deutschunterricht\/\">(Deutschunterricht),<\/a><br>&#8211; Paten <a href=\"http:\/\/fh-waltrop.de\/index.php\/hauspatenschaften\/\">(Hauspaten),<\/a><br>&#8211; Hilfe <a href=\"http:\/\/fh-waltrop.de\/index.php\/unterstutzung-begleitung-behorden\/\">(Unterst\u00fctzen und Begleiten),<\/a><br>&#8211; <a href=\"http:\/\/fh-waltrop.de\/index.php\/kleiderkammer\/\">Kleiderkammer,<\/a><br>&#8211; <a href=\"http:\/\/fh-waltrop.de\/index.php\/fahrradwerkstatt\/\">Fahrradwerkstatt,<\/a><br>&#8211; Freizeit&nbsp;<a href=\"http:\/\/fh-waltrop.de\/index.php\/freizeit\/\">(Freizeitaktivit\u00e4ten),<br><\/a>&#8211;&nbsp; Frauen und Kinder<a href=\"http:\/\/fh-waltrop.de\/index.php\/freizeit\/\"><br>&#8211; M\u00f6bel <\/a><a href=\"http:\/\/fh-waltrop.de\/index.php\/mobel-logistik-und-co\/\">(M\u00f6bel, Logistik &amp; Co.),<\/a><br>&#8211; <a href=\"http:\/\/fh-waltrop.de\/index.php\/offentlichkeits-und-infoarbeit\/\">Presse- und \u00d6ffentlichkeitsarbeit.<\/a><\/p>\n<p style=\"text-align: justify;\">Die S\u00e4ulen sind innerhalb ihrer Arbeitsfelder autonom und treffen im Rahmen ihrer Arbeit ihre eigenst\u00e4ndigen Entscheidungen. Sie \u00fcbernehmen au\u00dferdem die Integration von neuen HelferInnen.<\/p>\n<p style=\"text-align: justify;\"><strong>Stammtisch<\/strong>: Der Stammtisch ist in der Regel die erste Anlaufstelle f\u00fcr Neue. Er dient dem Informations- und Erfahrungsaustausch und ist ein kleines offenes Plenum. Hier k\u00f6nnen Beschl\u00fcsse gefasst werden, so sie einvernehmlich sind.<\/p>\n<p style=\"text-align: justify;\"><strong>HelferInnenAusschuss<\/strong>: Die Aufgaben sind: s\u00e4ulen\u00fcbergreifende Fragen zu kl\u00e4ren, Repr\u00e4sentation und Koordination. Der HelferInnenAusschuss ist auch Ansprechpartner f\u00fcr die Kommunikation mit der Stadt und entsendet in die entsprechenden Gremien VertreterInnen. Er ist das offizielle Sprachrohr der Fl\u00fcchtlingshilfe Waltrop und kann selbst\u00e4ndig t\u00e4tig werden. Die Mitglieder werden aus den S\u00e4ulen heraus vorgeschlagen und von der Hauptversammlung best\u00e4tigt. Sie sind den S\u00e4ulen und dem Stammtisch gegen\u00fcber auskunfts- &nbsp;und der Hauptversammlung zudem noch rechenschaftspflichtig.<\/p>\n<p style=\"text-align: justify;\"><strong>Hauptversammlung<\/strong>: Sie ist das oberste beschlussfassende Gremium. Hier sind alle vertreten, die in der Fl\u00fcchtlingshilfe Waltrop aktiv sind. Sie tritt mind. ein Mal im Jahr zusammen und kann vom Stammtisch und\/oder dem HelferInnenAusschuss sowie von den Mitgliedern einberufen werden. Sie best\u00e4tigt die Mitglieder des HelferInnenausschusses und beschlie\u00dft die Agenda.<\/p>\n\n\n<p><\/p>\n","protected":false},"excerpt":{"rendered":"<p>Die Fl\u00fcchtlingshilfe Waltrop ist eine freie unabh\u00e4ngige Initiative von inzwischen weit&nbsp;\u00fcber einhundert Menschen, die sich ehrenamtlich engagieren und Fl\u00fcchtlingen hier in Waltrop bei der Integration unterst\u00fctzen. Wir sind kein Verein, trotzdem haben wir eine Struktur. Das sind die vier Handlungsebenen: S\u00e4ulen, Stammtisch, HelferInnenAusschuss (HIA) und Hauptversammlung.&nbsp; S\u00e4ulen: Unsere Arbeit baut&nbsp;auf neun S\u00e4ulen auf. Sie&nbsp;sind das [&hellip;]<\/p>\n","protected":false},"author":2,"featured_media":0,"parent":0,"menu_order":0,"comment_status":"closed","ping_status":"closed","template":"","meta":{"_genesis_hide_title":false,"_genesis_hide_breadcrumbs":false,"_genesis_hide_singular_image":false,"_genesis_hide_footer_widgets":false,"_genesis_custom_body_class":"","_genesis_custom_post_class":"","_genesis_layout":"","ngg_post_thumbnail":0,"jetpack_post_was_ever_published":false,"footnotes":""},"class_list":{"0":"post-29","1":"page","2":"type-page","3":"status-publish","5":"entry"},"aioseo_notices":[],"jetpack_sharing_enabled":true,"jetpack_shortlink":"https:\/\/wp.me\/PdR32e-t","jetpack-related-posts":[],"_links":{"self":[{"href":"https:\/\/fh-waltrop.de\/index.php\/wp-json\/wp\/v2\/pages\/29","targetHints":{"allow":["GET"]}}],"collection":[{"href":"https:\/\/fh-waltrop.de\/index.php\/wp-json\/wp\/v2\/pages"}],"about":[{"href":"https:\/\/fh-waltrop.de\/index.php\/wp-json\/wp\/v2\/types\/page"}],"author":[{"embeddable":true,"href":"https:\/\/fh-waltrop.de\/index.php\/wp-json\/wp\/v2\/users\/2"}],"replies":[{"embeddable":true,"href":"https:\/\/fh-waltrop.de\/index.php\/wp-json\/wp\/v2\/comments?post=29"}],"version-history":[{"count":0,"href":"https:\/\/fh-waltrop.de\/index.php\/wp-json\/wp\/v2\/pages\/29\/revisions"}],"wp:attachment":[{"href":"https:\/\/fh-waltrop.de\/index.php\/wp-json\/wp\/v2\/media?parent=29"}],"curies":[{"name":"wp","href":"https:\/\/api.w.org\/{rel}","templated":true}]}}