{"id":41,"date":"2015-09-23T16:55:28","date_gmt":"2015-09-23T14:55:28","guid":{"rendered":"http:\/\/fh-waltrop.de\/?page_id=41"},"modified":"2022-06-08T15:11:00","modified_gmt":"2022-06-08T14:11:00","slug":"fahrradwerkstatt","status":"publish","type":"page","link":"https:\/\/fh-waltrop.de\/index.php\/fahrradwerkstatt\/","title":{"rendered":"Fahrradwerkstatt"},"content":{"rendered":"<p style=\"text-align: justify;\">Mobil mit Fahrr\u00e4dern<\/p>\n<p style=\"text-align: justify;\">In unserer angegliederten Fahrradwerkstatt werden die von euch gespendeten Fahrr\u00e4der vor \u00dcbergabe an unsere neuen Mitb\u00fcrger*innen auf Ihrer Verkehrssicherheit gepr\u00fcft und gegebenenfalls instand gesetzt.<\/p>\n<p style=\"text-align: justify;\">Wie erhalten&nbsp;wir die Spenden? Wir holen sie ab oder ihr bringt sie vorbei. Terminabsprachen sind allerdings notwendig.<\/p>\n<p>Wer spenden will erreicht uns per E-Mail:&nbsp; <a href=\"mailto:fahrradwerkstatt@fluechtlingshilfe-waltrop.de\">fahrradwerkstatt@fluechtlingshilfe-waltrop.de<\/a>&nbsp;oder telefonisch&nbsp;unter: 0151-41609606.<\/p>\n<p style=\"text-align: justify;\">Wir freuen uns aber auch \u00fcber&nbsp;tatkr\u00e4ftige Unterst\u00fctzung bei der Reparatur der R\u00e4der. Einfach eine Mail an uns und wir werden uns dann mit euch in Verbindung setzten .<\/p>\n<p style=\"text-align: justify;\">Euer Team der Fahrradwerkstatt<\/p>\n","protected":false},"excerpt":{"rendered":"<p>Mobil mit Fahrr\u00e4dern In unserer angegliederten Fahrradwerkstatt werden die von euch gespendeten Fahrr\u00e4der vor \u00dcbergabe an unsere neuen Mitb\u00fcrger*innen auf Ihrer Verkehrssicherheit gepr\u00fcft und gegebenenfalls instand gesetzt. Wie erhalten&nbsp;wir die Spenden? Wir holen sie ab oder ihr bringt sie vorbei. Terminabsprachen sind allerdings notwendig. Wer spenden will erreicht uns per E-Mail:&nbsp; fahrradwerkstatt@fluechtlingshilfe-waltrop.de&nbsp;oder telefonisch&nbsp;unter: 0151-41609606. Wir [&hellip;]<\/p>\n","protected":false},"author":2,"featured_media":0,"parent":0,"menu_order":0,"comment_status":"closed","ping_status":"closed","template":"","meta":{"_genesis_hide_title":false,"_genesis_hide_breadcrumbs":false,"_genesis_hide_singular_image":false,"_genesis_hide_footer_widgets":false,"_genesis_custom_body_class":"","_genesis_custom_post_class":"","_genesis_layout":"","ngg_post_thumbnail":0,"jetpack_post_was_ever_published":false,"footnotes":""},"class_list":{"0":"post-41","1":"page","2":"type-page","3":"status-publish","5":"entry"},"aioseo_notices":[],"jetpack_sharing_enabled":true,"jetpack_shortlink":"https:\/\/wp.me\/PdR32e-F","jetpack-related-posts":[],"_links":{"self":[{"href":"https:\/\/fh-waltrop.de\/index.php\/wp-json\/wp\/v2\/pages\/41","targetHints":{"allow":["GET"]}}],"collection":[{"href":"https:\/\/fh-waltrop.de\/index.php\/wp-json\/wp\/v2\/pages"}],"about":[{"href":"https:\/\/fh-waltrop.de\/index.php\/wp-json\/wp\/v2\/types\/page"}],"author":[{"embeddable":true,"href":"https:\/\/fh-waltrop.de\/index.php\/wp-json\/wp\/v2\/users\/2"}],"replies":[{"embeddable":true,"href":"https:\/\/fh-waltrop.de\/index.php\/wp-json\/wp\/v2\/comments?post=41"}],"version-history":[{"count":0,"href":"https:\/\/fh-waltrop.de\/index.php\/wp-json\/wp\/v2\/pages\/41\/revisions"}],"wp:attachment":[{"href":"https:\/\/fh-waltrop.de\/index.php\/wp-json\/wp\/v2\/media?parent=41"}],"curies":[{"name":"wp","href":"https:\/\/api.w.org\/{rel}","templated":true}]}}