{"id":43,"date":"2015-09-23T16:55:54","date_gmt":"2015-09-23T14:55:54","guid":{"rendered":"http:\/\/fh-waltrop.de\/?page_id=43"},"modified":"2022-04-05T14:39:46","modified_gmt":"2022-04-05T13:39:46","slug":"wie-kann-ich-mich-einbringen","status":"publish","type":"page","link":"https:\/\/fh-waltrop.de\/index.php\/wie-kann-ich-mich-einbringen\/","title":{"rendered":"Wie kann ich mich einbringen?"},"content":{"rendered":"<p style=\"text-align: justify;\">Die Fl\u00fcchtlingssituation betrifft uns vielleicht irgendwann, irgendwo alle einmal. Den einen mehr, den anderen weiniger. Ihr m\u00f6chtet das \u201emehr\u201c?&nbsp;Dann seid Ihr bei uns richtig, denn die Aufgaben sind sehr vielf\u00e4ltig.<\/p>\n<p style=\"text-align: justify;\">Sie reichen von Menschen, die unsere G\u00e4ste im Alltag begleiten, \u00fcber praktische Aufgaben bis hin zum sprachgewandten Unterst\u00fctzer. Oder auch die Menschen, die ihnen dabei helfen, die manchmal endlosen Tage mit Besch\u00e4ftigung, wie z.B. Spielenachmittage f\u00fcr Kinder, gemeinsames Kochen oder Handarbeiten zu f\u00fcllen.<\/p>\n<p style=\"text-align: justify;\">F\u00fcr all diese Aufgaben haben wir unsere eigenen Teams gebildet, bei denen jeder willkommen ist und sich mit seinen F\u00e4higkeiten und vielleicht weiteren Ideen einbringen kann.&nbsp;Au\u00dferdem freuen wir uns \u00fcber jede Art von Spenden, die durch unsere verschiedenen Gruppen bearbeitet werden:<\/p>\n<p style=\"text-align: justify;\"><strong>\u201eM\u00f6bel, Logistik und Co\u201c<\/strong><\/p>\n<p style=\"text-align: justify;\">-&gt;&nbsp;Sachspenden, Hausrat , M\u00f6bel<\/p>\n<p style=\"text-align: justify;\"><strong>\u201eKleiderkammer\u201c<\/strong><\/p>\n<p style=\"text-align: justify;\">-&gt;&nbsp;Kleidung, Kinderausstattung, Schuhe, Spielzeug, etc.<\/p>\n<p style=\"text-align: justify;\"><strong>\u201eFahrradwerkstatt\u201c<\/strong><\/p>\n<p style=\"text-align: justify;\">-&gt;&nbsp;f\u00fcr die Mobilit\u00e4t unserer G\u00e4ste haben wir ein kompetentes Team<\/p>\n<p style=\"text-align: justify;\">Wir geben Hilfestellungen f\u00fcr unsere G\u00e4ste, organisieren Aktionen und vermitteln Kontakte, um eine m\u00f6glichst schnelle Integration zu erreichen, vor allem aber,&nbsp;damit sich die Menschen bei uns in Waltrop wohl f\u00fchlen.<\/p>\n<p style=\"text-align: justify;\">Alle n\u00e4heren Informationen findet man als \u00dcbersicht einmal hier: <a href=\"http:\/\/fh-waltrop.de\/index.php\/uber-uns\/\">\u00dcber Uns<\/a>,&nbsp;sowie in den einzelnen Gruppen-Rubriken hier auf dieser&nbsp;Homepage wie auch in unserer geschlossen Facebook Gruppe <a href=\"https:\/\/www.facebook.com\/groups\/1671063816458846\" target=\"_blank\" rel=\"noopener\">\u201eMenschen in Waltrop willkommen\u201c<\/a> (hier haupts\u00e4chlich: aktuelle Aufrufe, wenn akut etwas ben\u00f6tigt wird).<\/p>\n<p style=\"text-align: justify;\">Wenn Ihr Euch daran beteiligen m\u00f6chtet, in welcher Form auch immer, dann seid Ihr jederzeit herzlich willkommen! Unser Stammtisch, die erste Anlaufstelle f\u00fcr neue Interessierte, trifft sich regelm\u00e4\u00dfig jeden 1. und 3. Mittwoch im Monat, um 19.00 Uhr im Haus der Begegnung, <span class=\"LrzXr\">Bissenkamp 20<\/span>.<\/p>\n<p style=\"text-align: justify;\">In diesem Sinne freuen wir uns auf einen wertvollen Austausch mit Euch, neue Freundschaften und eine erfolgreiche Zusammenarbeit!<\/p>\n<p style=\"text-align: justify;\">Euer Team der Fl\u00fcchtlingshilfe Waltrop<\/p>\n","protected":false},"excerpt":{"rendered":"<p>Die Fl\u00fcchtlingssituation betrifft uns vielleicht irgendwann, irgendwo alle einmal. Den einen mehr, den anderen weiniger. Ihr m\u00f6chtet das \u201emehr\u201c?&nbsp;Dann seid Ihr bei uns richtig, denn die Aufgaben sind sehr vielf\u00e4ltig. Sie reichen von Menschen, die unsere G\u00e4ste im Alltag begleiten, \u00fcber praktische Aufgaben bis hin zum sprachgewandten Unterst\u00fctzer. Oder auch die Menschen, die ihnen dabei [&hellip;]<\/p>\n","protected":false},"author":2,"featured_media":0,"parent":0,"menu_order":2,"comment_status":"closed","ping_status":"closed","template":"","meta":{"_genesis_hide_title":false,"_genesis_hide_breadcrumbs":false,"_genesis_hide_singular_image":false,"_genesis_hide_footer_widgets":false,"_genesis_custom_body_class":"","_genesis_custom_post_class":"","_genesis_layout":"","ngg_post_thumbnail":0,"jetpack_post_was_ever_published":false,"footnotes":""},"class_list":{"0":"post-43","1":"page","2":"type-page","3":"status-publish","5":"entry"},"aioseo_notices":[],"jetpack_sharing_enabled":true,"jetpack_shortlink":"https:\/\/wp.me\/PdR32e-H","jetpack-related-posts":[],"_links":{"self":[{"href":"https:\/\/fh-waltrop.de\/index.php\/wp-json\/wp\/v2\/pages\/43","targetHints":{"allow":["GET"]}}],"collection":[{"href":"https:\/\/fh-waltrop.de\/index.php\/wp-json\/wp\/v2\/pages"}],"about":[{"href":"https:\/\/fh-waltrop.de\/index.php\/wp-json\/wp\/v2\/types\/page"}],"author":[{"embeddable":true,"href":"https:\/\/fh-waltrop.de\/index.php\/wp-json\/wp\/v2\/users\/2"}],"replies":[{"embeddable":true,"href":"https:\/\/fh-waltrop.de\/index.php\/wp-json\/wp\/v2\/comments?post=43"}],"version-history":[{"count":0,"href":"https:\/\/fh-waltrop.de\/index.php\/wp-json\/wp\/v2\/pages\/43\/revisions"}],"wp:attachment":[{"href":"https:\/\/fh-waltrop.de\/index.php\/wp-json\/wp\/v2\/media?parent=43"}],"curies":[{"name":"wp","href":"https:\/\/api.w.org\/{rel}","templated":true}]}}